{"id":8123,"date":"2018-01-30T00:08:56","date_gmt":"2018-01-30T02:08:56","guid":{"rendered":"http:\/\/altinho.pe.gov.br\/v1\/?page_id=8123"},"modified":"2018-01-30T00:16:00","modified_gmt":"2018-01-30T02:16:00","slug":"procuradoria-municipal","status":"publish","type":"page","link":"https:\/\/altinho.pe.gov.br\/v1\/procuradoria-municipal\/","title":{"rendered":"Procuradoria Municipal"},"content":{"rendered":"<p><a href=\"https:\/\/altinho.pe.gov.br\/v1\/wp-content\/uploads\/2018\/01\/GILBERTO-REDES-site.png\"><img loading=\"lazy\" decoding=\"async\" class=\"img-responsive alignleft\" style=\"margin: 0px 10px 0px 0px;\" src=\"https:\/\/altinho.pe.gov.br\/v1\/wp-content\/uploads\/2018\/01\/GILBERTO-REDES-site.png\" alt=\"\" width=\"320\" height=\"426\"><\/a><\/p>\n<p><strong>Procurador-Geral:<\/strong> Gilberto Rodrigues<br \/>\n<strong>DATA DE NASCIMENTO:<\/strong> 20\/08\/1989<br \/>\n<strong>NATURALIDADE:<\/strong> Recife \u2013 PE<\/p>\n<p>&nbsp;<\/p>\n<p><strong>PERFIL PROFISSIONAL DO PROCURADOR:<\/strong> Gilberto Rodrigues \u00e9 formando em Direito pena UniFavip, Advogado militante, P\u00f3s Graduando em Doc\u00eancia no Ensino Superior pela UniNassau em 2016 foi Presidente da Comiss\u00e3o de Advogados do Interior da OAB Caruaru.<\/p>\n<p>&nbsp;<\/p>\n<p><strong>A Procuradoria Municipal representa o munic\u00edpio de Altinho, judicial e extrajudicialmente, cabendo-lhe, nos termos da lei, as atividades de consultoria jur\u00eddica (pareceres) e a exclusividade da execu\u00e7\u00e3o da d\u00edvida ativa de natureza tribut\u00e1ria. Tem por chefe o Procurador-Geral do Munic\u00edpio, com prerrogativas e posicionamento de Secret\u00e1rio Municipal de livre nomea\u00e7\u00e3o pelo Prefeito, dentre advogados de not\u00e1vel saber jur\u00eddico e reputa\u00e7\u00e3o ilibada.<\/strong><\/p>\n<p>&nbsp;<\/p>\n<p>Procuradoria-Geral do Munic\u00edpio de Altinho<br \/>\nRua Dr. Nestor Varej\u00e3o, 51 &#8211; Centro | Altinho &#8211; PE | CEP 55.490-000<br \/>\nHor\u00e1rio de Atendimento ao P\u00fablico: 07:30h \u00e0s 13h<br \/>\nContato: (81) 99871-6498<br \/>\ne-Mail: procuradoria@altinho.pe.gov.br<br \/>\n<img loading=\"lazy\" decoding=\"async\" class=\"img-responsive alignnone wp-image-7962 size-large\" src=\"https:\/\/altinho.pe.gov.br\/v1\/wp-content\/uploads\/2018\/01\/linhas-1-750x29.png\" alt=\"\" width=\"750\" height=\"29\" srcset=\"https:\/\/altinho.pe.gov.br\/v1\/wp-content\/uploads\/2018\/01\/linhas-1-750x29.png 750w, https:\/\/altinho.pe.gov.br\/v1\/wp-content\/uploads\/2018\/01\/linhas-1-150x6.png 150w, https:\/\/altinho.pe.gov.br\/v1\/wp-content\/uploads\/2018\/01\/linhas-1-300x12.png 300w, https:\/\/altinho.pe.gov.br\/v1\/wp-content\/uploads\/2018\/01\/linhas-1-768x30.png 768w, https:\/\/altinho.pe.gov.br\/v1\/wp-content\/uploads\/2018\/01\/linhas-1.png 798w\" sizes=\"auto, (max-width: 750px) 100vw, 750px\" \/><\/p>\n","protected":false},"excerpt":{"rendered":"<p>Procurador-Geral: Gilberto Rodrigues DATA DE NASCIMENTO: 20\/08\/1989 NATURALIDADE: Recife \u2013 PE &nbsp; PERFIL PROFISSIONAL DO PROCURADOR: Gilberto Rodrigues \u00e9 formando em Direito pena UniFavip, Advogado militante, P\u00f3s Graduando em Doc\u00eancia no Ensino <a class=\"leiamais\" href=\"https:\/\/altinho.pe.gov.br\/v1\/procuradoria-municipal\/\">LEIA MAIS <i class=\"fa fa-angle-double-right\" aria-hidden=\"true\"><\/i><br \/>\n<\/a><\/p>\n","protected":false},"author":2,"featured_media":0,"parent":0,"menu_order":0,"comment_status":"closed","ping_status":"closed","template":"","meta":{"footnotes":""},"class_list":["post-8123","page","type-page","status-publish","hentry","active"],"_links":{"self":[{"href":"https:\/\/altinho.pe.gov.br\/v1\/wp-json\/wp\/v2\/pages\/8123","targetHints":{"allow":["GET"]}}],"collection":[{"href":"https:\/\/altinho.pe.gov.br\/v1\/wp-json\/wp\/v2\/pages"}],"about":[{"href":"https:\/\/altinho.pe.gov.br\/v1\/wp-json\/wp\/v2\/types\/page"}],"author":[{"embeddable":true,"href":"https:\/\/altinho.pe.gov.br\/v1\/wp-json\/wp\/v2\/users\/2"}],"replies":[{"embeddable":true,"href":"https:\/\/altinho.pe.gov.br\/v1\/wp-json\/wp\/v2\/comments?post=8123"}],"version-history":[{"count":17,"href":"https:\/\/altinho.pe.gov.br\/v1\/wp-json\/wp\/v2\/pages\/8123\/revisions"}],"predecessor-version":[{"id":8371,"href":"https:\/\/altinho.pe.gov.br\/v1\/wp-json\/wp\/v2\/pages\/8123\/revisions\/8371"}],"wp:attachment":[{"href":"https:\/\/altinho.pe.gov.br\/v1\/wp-json\/wp\/v2\/media?parent=8123"}],"curies":[{"name":"wp","href":"https:\/\/api.w.org\/{rel}","templated":true}]}}