{"id":8098,"date":"2018-01-15T17:34:00","date_gmt":"2018-01-15T19:34:00","guid":{"rendered":"http:\/\/altinho.pe.gov.br\/v1\/?page_id=8098"},"modified":"2026-02-19T11:20:36","modified_gmt":"2026-02-19T14:20:36","slug":"secretaria-de-desenvolvimento-rural-meio-ambiente-estradas-vicinais-e-recursos-hidricos","status":"publish","type":"page","link":"https:\/\/altinho.pe.gov.br\/v1\/secretaria-de-desenvolvimento-rural-meio-ambiente-estradas-vicinais-e-recursos-hidricos\/","title":{"rendered":"Secretaria de Desenvolvimento Rural, Meio Ambiente, Estradas Vicinais, Recursos H\u00eddricos e Defesa Civil"},"content":{"rendered":"<p><a href=\"https:\/\/altinho.pe.gov.br\/v1\/wp-content\/uploads\/2025\/01\/JOYCE-1-scaled.jpg\"><img loading=\"lazy\" decoding=\"async\" class=\"img-responsive alignleft wp-image-8104\" style=\"margin: 0px 10px 0px 0px;\" src=\"https:\/\/altinho.pe.gov.br\/v1\/wp-content\/uploads\/2025\/01\/JOYCE-1-scaled.jpg\" alt=\"\" width=\"360\" height=\"480\" \/><\/a><strong>SECRET\u00c1RIA:<\/strong> Maria Jos\u00e9 do Nascimento<br \/>\n<strong>DATA DE NASCIMENTO:<\/strong> 23\/08\/1983<br \/>\n<strong>NATURALIDADE:<\/strong> Altinho \u2013 PE<\/p>\n<p><strong>PERFIL PROFISSIONAL DA SECRET\u00c1RIA:<\/strong> Maria Jos\u00e9 do Nascimento (Joyce de Cabileira) \u00e9 agricultora, quilombola e representante da Comunidade, suplente de vereadora, Secret\u00e1ria de Movimento Populares do Diret\u00f3rio do PT-Altinho, Presidente da Associa\u00e7\u00e3o Comunit\u00e1ria dos Moradores de Guaraciaba, Diretora da Federa\u00e7\u00e3o das Comunidades Quilombolas de Pernambuco e Diretora da Coopac \u2013 Cooperativa dos Produtores. Joyce possui ensino m\u00e9dio completo, curso de auxiliar t\u00e9cnica em Veterin\u00e1ria e t\u00e9cnica em Cajucultura.<\/p>\n<p><strong>Compete a Secretaria de Desenvolvimento Rural, Meio Ambiente, Recursos H\u00eddricos e Defesa Civil (Agricultura) a formula\u00e7\u00e3o e coordena\u00e7\u00e3o de pol\u00edticas p\u00fablicas relacionadas com o desenvolvimento rural. Consistem entre as principais metas da secretaria, atualizar processos, m\u00e9todos e sistemas para modernizar a vida do homem do campo, al\u00e9m de prestar assessoria direta ao agricultor durante o ano todo. Estabelecer as diretrizes para a\u00e7\u00e3o governamental nas \u00e1reas de meio ambiente, de recursos h\u00eddricos, florestal, cartogr\u00e1fica, agr\u00e1ria-fundi\u00e1ria, de controle da eros\u00e3o e de saneamento ambiental. Coordenar a proposi\u00e7\u00e3o e a elabora\u00e7\u00e3o de pol\u00edticas, normas, estrat\u00e9gias, programas e projetos relacionados \u00e0 gest\u00e3o de res\u00edduos s\u00f3lidos, recursos h\u00eddricos e atmosf\u00e9ricos, biodiversidade e florestas, contribuindo para com a defini\u00e7\u00e3o e implementa\u00e7\u00e3o da pol\u00edtica ambiental do Estado.<\/strong><\/p>\n<p>Secretaria Municipal de Desenvolvimento Rural, Meio Ambiente, Estradas Vicinais, Recursos H\u00eddricos e Defesa Civil<br \/>\nRua Jos\u00e9 Ant\u00f4nio da Silva, 337 \u2013 Loteamento Novo Altinho | Altinho \u2013 PE | CEP 55.490-000<br \/>\nHor\u00e1rio de Atendimento ao P\u00fablico: 07:30h \u00e0s 13h<br \/>\nContato: (81) 997433298 | (81) 3739-1118<br \/>\ne-Mail: sec.agricultura@altinho.pe.gov.br<br \/>\n<img loading=\"lazy\" decoding=\"async\" class=\"img-responsive alignnone wp-image-7962 size-large\" src=\"https:\/\/altinho.pe.gov.br\/v1\/wp-content\/uploads\/2018\/01\/linhas-1-750x29.png\" alt=\"\" width=\"750\" height=\"29\" srcset=\"https:\/\/altinho.pe.gov.br\/v1\/wp-content\/uploads\/2018\/01\/linhas-1-750x29.png 750w, https:\/\/altinho.pe.gov.br\/v1\/wp-content\/uploads\/2018\/01\/linhas-1-150x6.png 150w, https:\/\/altinho.pe.gov.br\/v1\/wp-content\/uploads\/2018\/01\/linhas-1-300x12.png 300w, https:\/\/altinho.pe.gov.br\/v1\/wp-content\/uploads\/2018\/01\/linhas-1-768x30.png 768w, https:\/\/altinho.pe.gov.br\/v1\/wp-content\/uploads\/2018\/01\/linhas-1.png 798w\" sizes=\"auto, (max-width: 750px) 100vw, 750px\" \/><\/p>\n","protected":false},"excerpt":{"rendered":"<p>SECRET\u00c1RIA: Maria Jos\u00e9 do Nascimento DATA DE NASCIMENTO: 23\/08\/1983 NATURALIDADE: Altinho \u2013 PE PERFIL PROFISSIONAL DA SECRET\u00c1RIA: Maria Jos\u00e9 do Nascimento (Joyce de Cabileira) \u00e9 agricultora, quilombola e representante da Comunidade, suplente <a class=\"leiamais\" href=\"https:\/\/altinho.pe.gov.br\/v1\/secretaria-de-desenvolvimento-rural-meio-ambiente-estradas-vicinais-e-recursos-hidricos\/\">LEIA MAIS <i class=\"fa fa-angle-double-right\" aria-hidden=\"true\"><\/i><br \/>\n<\/a><\/p>\n","protected":false},"author":2,"featured_media":0,"parent":0,"menu_order":0,"comment_status":"closed","ping_status":"closed","template":"","meta":{"footnotes":""},"class_list":["post-8098","page","type-page","status-publish","hentry","active"],"_links":{"self":[{"href":"https:\/\/altinho.pe.gov.br\/v1\/wp-json\/wp\/v2\/pages\/8098","targetHints":{"allow":["GET"]}}],"collection":[{"href":"https:\/\/altinho.pe.gov.br\/v1\/wp-json\/wp\/v2\/pages"}],"about":[{"href":"https:\/\/altinho.pe.gov.br\/v1\/wp-json\/wp\/v2\/types\/page"}],"author":[{"embeddable":true,"href":"https:\/\/altinho.pe.gov.br\/v1\/wp-json\/wp\/v2\/users\/2"}],"replies":[{"embeddable":true,"href":"https:\/\/altinho.pe.gov.br\/v1\/wp-json\/wp\/v2\/comments?post=8098"}],"version-history":[{"count":39,"href":"https:\/\/altinho.pe.gov.br\/v1\/wp-json\/wp\/v2\/pages\/8098\/revisions"}],"predecessor-version":[{"id":39144,"href":"https:\/\/altinho.pe.gov.br\/v1\/wp-json\/wp\/v2\/pages\/8098\/revisions\/39144"}],"wp:attachment":[{"href":"https:\/\/altinho.pe.gov.br\/v1\/wp-json\/wp\/v2\/media?parent=8098"}],"curies":[{"name":"wp","href":"https:\/\/api.w.org\/{rel}","templated":true}]}}