{"id":8063,"date":"2018-01-14T14:55:35","date_gmt":"2018-01-14T16:55:35","guid":{"rendered":"http:\/\/altinho.pe.gov.br\/v1\/?page_id=8063"},"modified":"2025-01-04T10:59:26","modified_gmt":"2025-01-04T13:59:26","slug":"secretaria-de-financas","status":"publish","type":"page","link":"https:\/\/altinho.pe.gov.br\/v1\/secretaria-de-financas\/","title":{"rendered":"Secretaria de Finan\u00e7as e Tributos"},"content":{"rendered":"<p><a href=\"https:\/\/altinho.pe.gov.br\/v1\/wp-content\/uploads\/2025\/01\/JAIR2.png\"><img loading=\"lazy\" decoding=\"async\" class=\"img-responsive alignleft\" style=\"margin: 0px 10px 0px 0px;\" src=\"https:\/\/altinho.pe.gov.br\/v1\/wp-content\/uploads\/2025\/01\/JAIR2.png\" alt=\"\" width=\"370\" height=\"493\" \/><\/a><strong>SECRET\u00c1RIO:<\/strong> Jair Pessoa de Azevedo<br \/>\n<strong>DATA DE NASCIMENTO:<\/strong> 04\/07\/1979<br \/>\n<strong>NATURALIDADE:<\/strong> Mau\u00e1 \u2013 SP<\/p>\n<p><strong>PERFIL PROFISSIONAL DO SECRET\u00c1RIO: <\/strong>Jair Pessoa \u00e9 Servidor efetivo do Munic\u00edpio de Altinho, estava licenciado por ser respons\u00e1vel t\u00e9cnico do escrit\u00f3rio ASCOP \u2013 Assessoria em Contabilidade P\u00fablica, desde o ano de 2008.<\/p>\n<p>\u00c9 Contador formado pela Faculdade de Ci\u00eancias e Letras de Caruaru \u2013 FAFICA e Especialista em Contabilidade e Controladoria Governamental pela Universidade Federal de Pernambuco \u2013 UFPE, al\u00e9m de participa\u00e7\u00f5es em diversos cursos, congressos, semin\u00e1rios, simp\u00f3sios, workshops sobre Contabilidade e Administra\u00e7\u00e3o P\u00fablica.<\/p>\n<p>Como Contador, h\u00e1 mais de 25 anos no mercado, prestando servi\u00e7os a mais de 110 \u00d3rg\u00e3os da Administra\u00e7\u00e3o P\u00fablica, como: Prefeituras, C\u00e2maras, Fundos de Sa\u00fade, Fundos de Assist\u00eancia Social, Fundos de Educa\u00e7\u00e3o, Institutos de Previd\u00eancias e demais \u00f3rg\u00e3os.<\/p>\n<p>.<\/p>\n<p><strong>A Secretaria de Finan\u00e7as e Tributos \u00e9 subordinada ao Chefe do Executivo Municipal, tem como objetivos desenvolver e executar pol\u00edticas tribut\u00e1rias. Elaborar a programa\u00e7\u00e3o financeira (receitas) e o cronograma de desembolso (despesas). Coordenar a Contabilidade do Poder Executivo de acordo com as normas aplicadas ao Setor P\u00fablico. Administrar a pol\u00edtica de endividamento, captar recursos do Estado, Uni\u00e3o e entidades financiadoras de pol\u00edticas p\u00fablicas bem como a sua devida aplica\u00e7\u00e3o. Prestar contas \u00e0 sociedade e \u00d3rg\u00e3os fiscalizadores. A Secretaria de Finan\u00e7as \u00e9 formada pelos Departamentos de Contabilidade, de Tesouraria e de Tributa\u00e7\u00e3o.<\/strong><\/p>\n<p>Secretaria Municipal de Finan\u00e7as e Tributos do Altinho<br \/>\nRua Dr. Nestor Varej\u00e3o, 51 &#8211; Centro | Altinho &#8211; PE | CEP 55.490-000<br \/>\nHor\u00e1rio de Atendimento ao P\u00fablico: 07:30h \u00e0s 13:00h<br \/>\nContato: (81) 3739-1118<br \/>\ne-Mail: sec.financas@altinho.pe.gov.br<br \/>\n<img loading=\"lazy\" decoding=\"async\" class=\"img-responsive alignnone wp-image-7962 size-large\" src=\"https:\/\/altinho.pe.gov.br\/v1\/wp-content\/uploads\/2018\/01\/linhas-1-750x29.png\" alt=\"\" width=\"750\" height=\"29\" srcset=\"https:\/\/altinho.pe.gov.br\/v1\/wp-content\/uploads\/2018\/01\/linhas-1-750x29.png 750w, https:\/\/altinho.pe.gov.br\/v1\/wp-content\/uploads\/2018\/01\/linhas-1-150x6.png 150w, https:\/\/altinho.pe.gov.br\/v1\/wp-content\/uploads\/2018\/01\/linhas-1-300x12.png 300w, https:\/\/altinho.pe.gov.br\/v1\/wp-content\/uploads\/2018\/01\/linhas-1-768x30.png 768w, https:\/\/altinho.pe.gov.br\/v1\/wp-content\/uploads\/2018\/01\/linhas-1.png 798w\" sizes=\"auto, (max-width: 750px) 100vw, 750px\" \/><\/p>\n","protected":false},"excerpt":{"rendered":"<p>SECRET\u00c1RIO: Jair Pessoa de Azevedo DATA DE NASCIMENTO: 04\/07\/1979 NATURALIDADE: Mau\u00e1 \u2013 SP PERFIL PROFISSIONAL DO SECRET\u00c1RIO: Jair Pessoa \u00e9 Servidor efetivo do Munic\u00edpio de Altinho, estava licenciado por ser respons\u00e1vel t\u00e9cnico <a class=\"leiamais\" href=\"https:\/\/altinho.pe.gov.br\/v1\/secretaria-de-financas\/\">LEIA MAIS <i class=\"fa fa-angle-double-right\" aria-hidden=\"true\"><\/i><br \/>\n<\/a><\/p>\n","protected":false},"author":2,"featured_media":0,"parent":0,"menu_order":0,"comment_status":"closed","ping_status":"closed","template":"","meta":{"footnotes":""},"class_list":["post-8063","page","type-page","status-publish","hentry","active"],"_links":{"self":[{"href":"https:\/\/altinho.pe.gov.br\/v1\/wp-json\/wp\/v2\/pages\/8063","targetHints":{"allow":["GET"]}}],"collection":[{"href":"https:\/\/altinho.pe.gov.br\/v1\/wp-json\/wp\/v2\/pages"}],"about":[{"href":"https:\/\/altinho.pe.gov.br\/v1\/wp-json\/wp\/v2\/types\/page"}],"author":[{"embeddable":true,"href":"https:\/\/altinho.pe.gov.br\/v1\/wp-json\/wp\/v2\/users\/2"}],"replies":[{"embeddable":true,"href":"https:\/\/altinho.pe.gov.br\/v1\/wp-json\/wp\/v2\/comments?post=8063"}],"version-history":[{"count":25,"href":"https:\/\/altinho.pe.gov.br\/v1\/wp-json\/wp\/v2\/pages\/8063\/revisions"}],"predecessor-version":[{"id":34385,"href":"https:\/\/altinho.pe.gov.br\/v1\/wp-json\/wp\/v2\/pages\/8063\/revisions\/34385"}],"wp:attachment":[{"href":"https:\/\/altinho.pe.gov.br\/v1\/wp-json\/wp\/v2\/media?parent=8063"}],"curies":[{"name":"wp","href":"https:\/\/api.w.org\/{rel}","templated":true}]}}