{"id":8050,"date":"2018-01-15T15:34:41","date_gmt":"2018-01-15T17:34:41","guid":{"rendered":"http:\/\/altinho.pe.gov.br\/v1\/?page_id=8050"},"modified":"2025-08-04T09:51:01","modified_gmt":"2025-08-04T12:51:01","slug":"secretaria-de-educacao-ciencia-e-tecnologia","status":"publish","type":"page","link":"https:\/\/altinho.pe.gov.br\/v1\/secretaria-de-educacao-ciencia-e-tecnologia\/","title":{"rendered":"Secretaria de Educa\u00e7\u00e3o, Ci\u00eancia e Tecnologia"},"content":{"rendered":"<p><a href=\"https:\/\/altinho.pe.gov.br\/v1\/wp-content\/uploads\/2025\/08\/ANDREA-scaled.jpg\"><img loading=\"lazy\" decoding=\"async\" class=\"img-responsive alignleft wp-image-8083\" style=\"margin: 0px 10px 0px 0px;\" src=\"https:\/\/altinho.pe.gov.br\/v1\/wp-content\/uploads\/2025\/08\/ANDREA-scaled.jpg\" alt=\"\" width=\"326\" height=\"435\" \/><\/a><strong>SECRET\u00c1RIA:<\/strong> Andrea Cristina da Silva<br \/>\n<strong>DATA DE NASCIMENTO:<\/strong> 22\/02\/1980<br \/>\n<strong>NATURALIDADE:<\/strong> Agrestina \u2013 PE<\/p>\n<p><strong>PERFIL PROFISSIONAL DA SECRET\u00c1RIA:<\/strong> Andrea Cristina da Silva \u00e9 professora concursada da Rede Municipal de Altinho e graduada em Letras pela Faculdade de Filosofia, Ci\u00eancias e Letras de Caruaru-FAFICA, P\u00f3s Graduada em L\u00edngua Portuguesa pela FAFICA, especializa\u00e7\u00e3o em Gest\u00e3o do Trabalho Pedag\u00f3gico e Supervis\u00e3o Escolar pela FAVENI. Foi professora no Col\u00e9gio Cenecista de Altinho (2001 a 2009), Coordenadora Pedag\u00f3gica na mesma institui\u00e7\u00e3o(2009 a 2013), orientadora de Estudo da Rede Municipal (2013 a 2015), Coordenadora Municipal (2015 a 2016), coordenadora Pedag\u00f3gica na Escola Professora Maria do Socorro Rodrigues da Silva (2019 a 2021), coordenadora Pedag\u00f3gica no Col\u00e9gio Curumim (agosto de 2018 a abril de 2024), Diretora de Ensino da Rede Municipal de Altinho (2021 a 2024). Assumiu a Secretaria de Educa\u00e7\u00e3o em Abril de 2024 e foi reconduzida \u00e0 pasta em janeiro de 2025.<\/p>\n<p><strong>A Secret\u00e1ria de Educa\u00e7\u00e3o, Ci\u00eancia e Tecnologia tem como principal atribui\u00e7\u00e3o formular e coordenar a pol\u00edtica municipal de educa\u00e7\u00e3o e supervisionar sua execu\u00e7\u00e3o nas institui\u00e7\u00f5es que comp\u00f5em sua \u00e1rea de compet\u00eancia. Tamb\u00e9m faz parte de suas atribui\u00e7\u00f5es, garantir igualdade de condi\u00e7\u00f5es para o acesso e a perman\u00eancia na escola, assegurar aos alunos da zona rural do munic\u00edpio a gratuidade e obrigatoriedade do transporte escolar e estabelecer mecanismos que garantam a qualidade do ensino p\u00fablico municipal. Al\u00e9m disso, valorizar os profissionais da educa\u00e7\u00e3o, garantindo-lhes planos de carreira espec\u00edficos dentro do servi\u00e7o p\u00fablico municipal.<\/strong><\/p>\n<p>Secretaria Municipal de Educa\u00e7\u00e3o, Ci\u00eancia e Tecnologia do Altinho<br \/>\nRua Siqueira Campos, 110 \u2013 Centro | Altinho \u2013 PE | CEP 55.490-000<br \/>\nHor\u00e1rio de Atendimento ao P\u00fablico: 07:30h \u00e0s 13:00h<br \/>\nContato: (81) 99575-2151<br \/>\ne-Mail: educacaoaltinho@outlook.com<br \/>\n<img loading=\"lazy\" decoding=\"async\" class=\"img-responsive alignnone wp-image-7962 size-large\" src=\"https:\/\/altinho.pe.gov.br\/v1\/wp-content\/uploads\/2018\/01\/linhas-1-750x29.png\" alt=\"\" width=\"750\" height=\"29\" srcset=\"https:\/\/altinho.pe.gov.br\/v1\/wp-content\/uploads\/2018\/01\/linhas-1-750x29.png 750w, https:\/\/altinho.pe.gov.br\/v1\/wp-content\/uploads\/2018\/01\/linhas-1-150x6.png 150w, https:\/\/altinho.pe.gov.br\/v1\/wp-content\/uploads\/2018\/01\/linhas-1-300x12.png 300w, https:\/\/altinho.pe.gov.br\/v1\/wp-content\/uploads\/2018\/01\/linhas-1-768x30.png 768w, https:\/\/altinho.pe.gov.br\/v1\/wp-content\/uploads\/2018\/01\/linhas-1.png 798w\" sizes=\"auto, (max-width: 750px) 100vw, 750px\" \/><\/p>\n","protected":false},"excerpt":{"rendered":"<p>SECRET\u00c1RIA: Andrea Cristina da Silva DATA DE NASCIMENTO: 22\/02\/1980 NATURALIDADE: Agrestina \u2013 PE PERFIL PROFISSIONAL DA SECRET\u00c1RIA: Andrea Cristina da Silva \u00e9 professora concursada da Rede Municipal de Altinho e graduada em <a class=\"leiamais\" href=\"https:\/\/altinho.pe.gov.br\/v1\/secretaria-de-educacao-ciencia-e-tecnologia\/\">LEIA MAIS <i class=\"fa fa-angle-double-right\" aria-hidden=\"true\"><\/i><br \/>\n<\/a><\/p>\n","protected":false},"author":2,"featured_media":0,"parent":0,"menu_order":0,"comment_status":"closed","ping_status":"closed","template":"","meta":{"footnotes":""},"class_list":["post-8050","page","type-page","status-publish","hentry","active"],"_links":{"self":[{"href":"https:\/\/altinho.pe.gov.br\/v1\/wp-json\/wp\/v2\/pages\/8050","targetHints":{"allow":["GET"]}}],"collection":[{"href":"https:\/\/altinho.pe.gov.br\/v1\/wp-json\/wp\/v2\/pages"}],"about":[{"href":"https:\/\/altinho.pe.gov.br\/v1\/wp-json\/wp\/v2\/types\/page"}],"author":[{"embeddable":true,"href":"https:\/\/altinho.pe.gov.br\/v1\/wp-json\/wp\/v2\/users\/2"}],"replies":[{"embeddable":true,"href":"https:\/\/altinho.pe.gov.br\/v1\/wp-json\/wp\/v2\/comments?post=8050"}],"version-history":[{"count":32,"href":"https:\/\/altinho.pe.gov.br\/v1\/wp-json\/wp\/v2\/pages\/8050\/revisions"}],"predecessor-version":[{"id":37910,"href":"https:\/\/altinho.pe.gov.br\/v1\/wp-json\/wp\/v2\/pages\/8050\/revisions\/37910"}],"wp:attachment":[{"href":"https:\/\/altinho.pe.gov.br\/v1\/wp-json\/wp\/v2\/media?parent=8050"}],"curies":[{"name":"wp","href":"https:\/\/api.w.org\/{rel}","templated":true}]}}