{"id":8002,"date":"2018-01-11T12:42:36","date_gmt":"2018-01-11T14:42:36","guid":{"rendered":"http:\/\/altinho.pe.gov.br\/v1\/?page_id=8002"},"modified":"2025-01-04T10:58:53","modified_gmt":"2025-01-04T13:58:53","slug":"secretaria-de-saude","status":"publish","type":"page","link":"https:\/\/altinho.pe.gov.br\/v1\/secretaria-de-saude\/","title":{"rendered":"Secretaria de Sa\u00fade"},"content":{"rendered":"<p><a href=\"https:\/\/altinho.pe.gov.br\/v1\/wp-content\/uploads\/2025\/01\/ZENAIDE.png\"><img loading=\"lazy\" decoding=\"async\" class=\"img-responsive alignleft\" style=\"margin: 0px 10px 0px 0px;\" src=\"https:\/\/altinho.pe.gov.br\/v1\/wp-content\/uploads\/2025\/01\/ZENAIDE.png\" alt=\"\" width=\"333\" height=\"444\" \/><\/a><strong>SECRET\u00c1RIA:<\/strong> Maria Zenaide Santos de Paula Silva<br \/>\n<strong>DATA DE NASCIMENTO:<\/strong> 23\/10\/1979<br \/>\n<strong>NATURALIDADE:<\/strong> Altinho \u2013 PE<\/p>\n<p><strong>PERFIL PROFISSIONAL DA SECRET\u00c1RIA:<\/strong> Zenaide \u00e9 graduada em Ci\u00eancias com habilita\u00e7\u00e3o em Matem\u00e1tica, Bacharelado em Enfermagem, p\u00f3s-graduada em Doc\u00eancia no Ensino de Ci\u00eancias Biol\u00f3gicas, p\u00f3s-graduada em Urg\u00eancia e Emerg\u00eancia, p\u00f3s-graduada em Ginecologia e Obstetr\u00edcia e Acad\u00eamica de Medicina.<\/p>\n<p><span style=\"color: #999999;\">.<\/span><\/p>\n<p><strong>S\u00e3o compet\u00eancias espec\u00edficas da Secret\u00e1ria de Sa\u00fade planejar, desenvolver, orientar, coordenar e executar a pol\u00edtica de sa\u00fade do munic\u00edpio, compreendendo tanto o cuidado ambulatorial quanto o hospitalar; planejar, desenvolver e executar as a\u00e7\u00f5es de vigil\u00e2ncia sanit\u00e1ria e epidemiol\u00f3gica afetas \u00e0 sua compet\u00eancia e promover a qualidade de vida do cidad\u00e3o no que diz respeito \u00e0 aten\u00e7\u00e3o integral \u00e0 sa\u00fade individual e coletiva.<\/strong><\/p>\n<p><span style=\"color: #999999;\">.<\/span><\/p>\n<p>Secretaria Municipal de Sa\u00fade do Altinho<br \/>\nRua Siqueira Campos, 286 &#8211; Centro | Altinho &#8211; PE | CEP 55.490-000<br \/>\nHor\u00e1rio de Atendimento ao P\u00fablico: 07:30h \u00e0s 13:00h<br \/>\nContato: (81) 3739-1349<br \/>\ne-Mail: sec.saude@altinho.pe.gov.br<br \/>\n<img loading=\"lazy\" decoding=\"async\" class=\"img-responsive alignnone wp-image-7962 size-large\" src=\"https:\/\/altinho.pe.gov.br\/v1\/wp-content\/uploads\/2018\/01\/linhas-1-750x29.png\" alt=\"\" width=\"750\" height=\"29\" srcset=\"https:\/\/altinho.pe.gov.br\/v1\/wp-content\/uploads\/2018\/01\/linhas-1-750x29.png 750w, https:\/\/altinho.pe.gov.br\/v1\/wp-content\/uploads\/2018\/01\/linhas-1-150x6.png 150w, https:\/\/altinho.pe.gov.br\/v1\/wp-content\/uploads\/2018\/01\/linhas-1-300x12.png 300w, https:\/\/altinho.pe.gov.br\/v1\/wp-content\/uploads\/2018\/01\/linhas-1-768x30.png 768w, https:\/\/altinho.pe.gov.br\/v1\/wp-content\/uploads\/2018\/01\/linhas-1.png 798w\" sizes=\"auto, (max-width: 750px) 100vw, 750px\" \/><\/p>\n","protected":false},"excerpt":{"rendered":"<p>SECRET\u00c1RIA: Maria Zenaide Santos de Paula Silva DATA DE NASCIMENTO: 23\/10\/1979 NATURALIDADE: Altinho \u2013 PE PERFIL PROFISSIONAL DA SECRET\u00c1RIA: Zenaide \u00e9 graduada em Ci\u00eancias com habilita\u00e7\u00e3o em Matem\u00e1tica, Bacharelado em Enfermagem, p\u00f3s-graduada <a class=\"leiamais\" href=\"https:\/\/altinho.pe.gov.br\/v1\/secretaria-de-saude\/\">LEIA MAIS <i class=\"fa fa-angle-double-right\" aria-hidden=\"true\"><\/i><br \/>\n<\/a><\/p>\n","protected":false},"author":2,"featured_media":0,"parent":0,"menu_order":0,"comment_status":"closed","ping_status":"closed","template":"","meta":{"footnotes":""},"class_list":["post-8002","page","type-page","status-publish","hentry","active"],"_links":{"self":[{"href":"https:\/\/altinho.pe.gov.br\/v1\/wp-json\/wp\/v2\/pages\/8002","targetHints":{"allow":["GET"]}}],"collection":[{"href":"https:\/\/altinho.pe.gov.br\/v1\/wp-json\/wp\/v2\/pages"}],"about":[{"href":"https:\/\/altinho.pe.gov.br\/v1\/wp-json\/wp\/v2\/types\/page"}],"author":[{"embeddable":true,"href":"https:\/\/altinho.pe.gov.br\/v1\/wp-json\/wp\/v2\/users\/2"}],"replies":[{"embeddable":true,"href":"https:\/\/altinho.pe.gov.br\/v1\/wp-json\/wp\/v2\/comments?post=8002"}],"version-history":[{"count":41,"href":"https:\/\/altinho.pe.gov.br\/v1\/wp-json\/wp\/v2\/pages\/8002\/revisions"}],"predecessor-version":[{"id":34280,"href":"https:\/\/altinho.pe.gov.br\/v1\/wp-json\/wp\/v2\/pages\/8002\/revisions\/34280"}],"wp:attachment":[{"href":"https:\/\/altinho.pe.gov.br\/v1\/wp-json\/wp\/v2\/media?parent=8002"}],"curies":[{"name":"wp","href":"https:\/\/api.w.org\/{rel}","templated":true}]}}