{"id":6756,"date":"2017-11-09T12:34:06","date_gmt":"2017-11-09T14:34:06","guid":{"rendered":"http:\/\/altinho.pe.gov.br\/v1\/?page_id=6756"},"modified":"2025-01-06T11:06:16","modified_gmt":"2025-01-06T14:06:16","slug":"secretaria-de-infraestrutura-urbanismo-e-obras","status":"publish","type":"page","link":"https:\/\/altinho.pe.gov.br\/v1\/secretaria-de-infraestrutura-urbanismo-e-obras\/","title":{"rendered":"Secretaria de Obras, Infraestrutura e Mobilidade Urbana"},"content":{"rendered":"<p><a href=\"https:\/\/altinho.pe.gov.br\/v1\/wp-content\/uploads\/2025\/01\/OSCAR-1.png\"><img loading=\"lazy\" decoding=\"async\" class=\"img-responsive alignleft\" style=\"margin: 0px 10px 0px 0px;\" src=\"https:\/\/altinho.pe.gov.br\/v1\/wp-content\/uploads\/2025\/01\/OSCAR-1.png\" alt=\"\" width=\"329\" height=\"439\" \/><\/a><\/p>\n<p><strong>SECRET\u00c1RIO:<\/strong> Oscar De Almeida Castro Neto<br \/>\n<strong>DATA DE NASCIMENTO:<\/strong> 15\/04\/1969<br \/>\n<strong>NATURALIDADE:<\/strong> Recife-PE<\/p>\n<p><strong>PERFIL PROFISSIONAL DO SECRET\u00c1RIO:<\/strong> Atuou como vereador na Legislatura 2021-2024, destacando-se pela busca de solu\u00e7\u00f5es para os desafios da cidade e pela obten\u00e7\u00e3o de emendas e investimentos importantes. Oscar \u00e9 comprometido com a melhoria da qualidade de vida da popula\u00e7\u00e3o altinense e dedicado ao desenvolvimento de Altinho, buscando sempre, parcerias e projetos que impulsionem o crescimento do munic\u00edpio.<\/p>\n<p><strong>Secretaria de Obras, Infraestrutura e Mobilidade Urbana t\u00eam por finalidade conceber, programar e orientar a execu\u00e7\u00e3o de projetos de obras vi\u00e1rias; examinar o planejamento de obras e servi\u00e7os a serem realizados nas vias e logradouros, autorizando a ocupa\u00e7\u00e3o das vias p\u00fablicas; realizar obras de recupera\u00e7\u00e3o estrutural e constru\u00e7\u00e3o de pontes, passagens molhadas, saneamento, cal\u00e7amento, etc.; desenvolver obras de reparos e reformas gerais na cidade; promover a manuten\u00e7\u00e3o preventiva e corretiva de equipamentos urbanos.<\/strong><\/p>\n<p>Secretaria Municipal de Obras, Infraestrutura e Mobilidade Urbana do Altinho<br \/>\nRua Dr. Gercino de Pontes, SN &#8211; Av. Boa Vista | Altinho &#8211; PE | CEP 55.490-000<br \/>\nHor\u00e1rio de Atendimento ao P\u00fablico: 07:30h \u00e0s 13:00h<br \/>\nContato: (81) 99872-8878<br \/>\ne-Mail: sec.infraestrutura@altinho.pe.gov.br<br \/>\n<img loading=\"lazy\" decoding=\"async\" class=\"img-responsive alignnone wp-image-7962 size-large\" src=\"https:\/\/altinho.pe.gov.br\/v1\/wp-content\/uploads\/2018\/01\/linhas-1-750x29.png\" alt=\"\" width=\"750\" height=\"29\" srcset=\"https:\/\/altinho.pe.gov.br\/v1\/wp-content\/uploads\/2018\/01\/linhas-1-750x29.png 750w, https:\/\/altinho.pe.gov.br\/v1\/wp-content\/uploads\/2018\/01\/linhas-1-150x6.png 150w, https:\/\/altinho.pe.gov.br\/v1\/wp-content\/uploads\/2018\/01\/linhas-1-300x12.png 300w, https:\/\/altinho.pe.gov.br\/v1\/wp-content\/uploads\/2018\/01\/linhas-1-768x30.png 768w, https:\/\/altinho.pe.gov.br\/v1\/wp-content\/uploads\/2018\/01\/linhas-1.png 798w\" sizes=\"auto, (max-width: 750px) 100vw, 750px\" \/><\/p>\n","protected":false},"excerpt":{"rendered":"<p>SECRET\u00c1RIO: Oscar De Almeida Castro Neto DATA DE NASCIMENTO: 15\/04\/1969 NATURALIDADE: Recife-PE PERFIL PROFISSIONAL DO SECRET\u00c1RIO: Atuou como vereador na Legislatura 2021-2024, destacando-se pela busca de solu\u00e7\u00f5es para os desafios da cidade <a class=\"leiamais\" href=\"https:\/\/altinho.pe.gov.br\/v1\/secretaria-de-infraestrutura-urbanismo-e-obras\/\">LEIA MAIS <i class=\"fa fa-angle-double-right\" aria-hidden=\"true\"><\/i><br \/>\n<\/a><\/p>\n","protected":false},"author":2,"featured_media":0,"parent":0,"menu_order":0,"comment_status":"closed","ping_status":"closed","template":"","meta":{"footnotes":""},"class_list":["post-6756","page","type-page","status-publish","hentry","active"],"_links":{"self":[{"href":"https:\/\/altinho.pe.gov.br\/v1\/wp-json\/wp\/v2\/pages\/6756","targetHints":{"allow":["GET"]}}],"collection":[{"href":"https:\/\/altinho.pe.gov.br\/v1\/wp-json\/wp\/v2\/pages"}],"about":[{"href":"https:\/\/altinho.pe.gov.br\/v1\/wp-json\/wp\/v2\/types\/page"}],"author":[{"embeddable":true,"href":"https:\/\/altinho.pe.gov.br\/v1\/wp-json\/wp\/v2\/users\/2"}],"replies":[{"embeddable":true,"href":"https:\/\/altinho.pe.gov.br\/v1\/wp-json\/wp\/v2\/comments?post=6756"}],"version-history":[{"count":16,"href":"https:\/\/altinho.pe.gov.br\/v1\/wp-json\/wp\/v2\/pages\/6756\/revisions"}],"predecessor-version":[{"id":34287,"href":"https:\/\/altinho.pe.gov.br\/v1\/wp-json\/wp\/v2\/pages\/6756\/revisions\/34287"}],"wp:attachment":[{"href":"https:\/\/altinho.pe.gov.br\/v1\/wp-json\/wp\/v2\/media?parent=6756"}],"curies":[{"name":"wp","href":"https:\/\/api.w.org\/{rel}","templated":true}]}}