{"id":6745,"date":"2017-11-09T12:23:03","date_gmt":"2017-11-09T14:23:03","guid":{"rendered":"http:\/\/altinho.pe.gov.br\/v1\/?page_id=6745"},"modified":"2025-01-03T11:41:07","modified_gmt":"2025-01-03T14:41:07","slug":"secretaria-de-cultura-turismo-e-esportes","status":"publish","type":"page","link":"https:\/\/altinho.pe.gov.br\/v1\/secretaria-de-cultura-turismo-e-esportes\/","title":{"rendered":"Secretaria de Cultura, Turismo e Esportes"},"content":{"rendered":"<p><a href=\"https:\/\/altinho.pe.gov.br\/v1\/wp-content\/uploads\/2025\/01\/MAURO.png\"><img loading=\"lazy\" decoding=\"async\" class=\"img-responsive wp-image-9369 alignleft\" src=\"https:\/\/altinho.pe.gov.br\/v1\/wp-content\/uploads\/2025\/01\/MAURO.png\" alt=\"\" width=\"330\" height=\"440\" \/><\/a><\/p>\n<p><strong>SECRET\u00c1RIO:<\/strong> Mauro Jo\u00e3o Da Silva<br \/>\n<strong>DATA DE NASCIMENTO:<\/strong> 26\/05\/1968<br \/>\n<strong>NATURALIDADE:<\/strong> Altinho \u2013 PE<\/p>\n<p><strong>PERFIL PROFISSIONAL DO SECRET\u00c1RIO:<\/strong> Mauro concluiu o ensino m\u00e9dio completo. \u00c9 Terceiro Sargento da reserva da PMPE. Foi vereador e presidente da C\u00e2mara por dois bi\u00eanios consecutivos (2013-2014 e 2015-2016) e Coordenador Municipal da Defesa Civil. Mauro se destacou pelo seu trabalho junto as Associa\u00e7\u00f5es Rurais do munic\u00edpio do Altinho. Tamb\u00e9m atua como compositor, produtor e divulgador, trazendo uma ampla experi\u00eancia no cen\u00e1rio cultural.<\/p>\n<p><strong>A Secretaria de Cultura, Turismo e Esportes \u00e9 o \u00f3rg\u00e3o respons\u00e1vel por executar pol\u00edticas de cunho cultural em todas as suas dimens\u00f5es e express\u00f5es. A secretaria tem como objetivo principal a promo\u00e7\u00e3o, apoio, incentivo, a preserva\u00e7\u00e3o e a difus\u00e3o das identidades e produ\u00e7\u00f5es culturais, esportivas e tur\u00edsticas de Altinho de forma estruturadora e sist\u00eamica.<\/strong><\/p>\n<p>Secretaria Municipal de Cultura, Turismo e Esportes do Altinho<br \/>\nAvenida Vereador Jo\u00e3o Alves da Silva, 70 &#8211; Cohab | Altinho &#8211; PE | CEP 55.490-000<br \/>\nHor\u00e1rio de Atendimento ao P\u00fablico: 07:30h \u00e0s 13:00h<br \/>\nContato: (81) 3739-1118<br \/>\ne-Mail: sec.cultura@altinho.pe.gov.br<br \/>\n<img loading=\"lazy\" decoding=\"async\" class=\"img-responsive alignnone wp-image-7962 size-large\" src=\"https:\/\/altinho.pe.gov.br\/v1\/wp-content\/uploads\/2018\/01\/linhas-1-750x29.png\" alt=\"\" width=\"750\" height=\"29\" srcset=\"https:\/\/altinho.pe.gov.br\/v1\/wp-content\/uploads\/2018\/01\/linhas-1-750x29.png 750w, https:\/\/altinho.pe.gov.br\/v1\/wp-content\/uploads\/2018\/01\/linhas-1-150x6.png 150w, https:\/\/altinho.pe.gov.br\/v1\/wp-content\/uploads\/2018\/01\/linhas-1-300x12.png 300w, https:\/\/altinho.pe.gov.br\/v1\/wp-content\/uploads\/2018\/01\/linhas-1-768x30.png 768w, https:\/\/altinho.pe.gov.br\/v1\/wp-content\/uploads\/2018\/01\/linhas-1.png 798w\" sizes=\"auto, (max-width: 750px) 100vw, 750px\" \/><\/p>\n","protected":false},"excerpt":{"rendered":"<p>SECRET\u00c1RIO: Mauro Jo\u00e3o Da Silva DATA DE NASCIMENTO: 26\/05\/1968 NATURALIDADE: Altinho \u2013 PE PERFIL PROFISSIONAL DO SECRET\u00c1RIO: Mauro concluiu o ensino m\u00e9dio completo. \u00c9 Terceiro Sargento da reserva da PMPE. Foi vereador <a class=\"leiamais\" href=\"https:\/\/altinho.pe.gov.br\/v1\/secretaria-de-cultura-turismo-e-esportes\/\">LEIA MAIS <i class=\"fa fa-angle-double-right\" aria-hidden=\"true\"><\/i><br \/>\n<\/a><\/p>\n","protected":false},"author":2,"featured_media":0,"parent":0,"menu_order":0,"comment_status":"closed","ping_status":"closed","template":"","meta":{"footnotes":""},"class_list":["post-6745","page","type-page","status-publish","hentry","active"],"_links":{"self":[{"href":"https:\/\/altinho.pe.gov.br\/v1\/wp-json\/wp\/v2\/pages\/6745","targetHints":{"allow":["GET"]}}],"collection":[{"href":"https:\/\/altinho.pe.gov.br\/v1\/wp-json\/wp\/v2\/pages"}],"about":[{"href":"https:\/\/altinho.pe.gov.br\/v1\/wp-json\/wp\/v2\/types\/page"}],"author":[{"embeddable":true,"href":"https:\/\/altinho.pe.gov.br\/v1\/wp-json\/wp\/v2\/users\/2"}],"replies":[{"embeddable":true,"href":"https:\/\/altinho.pe.gov.br\/v1\/wp-json\/wp\/v2\/comments?post=6745"}],"version-history":[{"count":17,"href":"https:\/\/altinho.pe.gov.br\/v1\/wp-json\/wp\/v2\/pages\/6745\/revisions"}],"predecessor-version":[{"id":34254,"href":"https:\/\/altinho.pe.gov.br\/v1\/wp-json\/wp\/v2\/pages\/6745\/revisions\/34254"}],"wp:attachment":[{"href":"https:\/\/altinho.pe.gov.br\/v1\/wp-json\/wp\/v2\/media?parent=6745"}],"curies":[{"name":"wp","href":"https:\/\/api.w.org\/{rel}","templated":true}]}}