{"id":6545,"date":"2017-10-25T23:54:57","date_gmt":"2017-10-26T01:54:57","guid":{"rendered":"http:\/\/altinho.pe.gov.br\/v1\/?page_id=6545"},"modified":"2025-01-03T09:56:04","modified_gmt":"2025-01-03T12:56:04","slug":"o-prefeito","status":"publish","type":"page","link":"https:\/\/altinho.pe.gov.br\/v1\/o-prefeito\/","title":{"rendered":"O PREFEITO"},"content":{"rendered":"<p><a href=\"https:\/\/altinho.pe.gov.br\/v1\/wp-content\/uploads\/2025\/01\/MARIVALDO-PREFEITO-OFICIAL.png\"><img loading=\"lazy\" decoding=\"async\" class=\"img-responsive alignleft\" style=\"margin: 0px 10px 0px 0px;\" src=\"https:\/\/altinho.pe.gov.br\/v1\/wp-content\/uploads\/2025\/01\/MARIVALDO-PREFEITO-OFICIAL.png\" alt=\"\" width=\"370\" height=\"493\" \/><\/a><strong>NOME COMPLETO:<\/strong> Marivaldo Pena<br \/>\n<strong>DATA DE NASCIMENTO:<\/strong> 28\/10\/1979<br \/>\n<strong>NATURALIDADE:<\/strong> Jacu\u00edpe \u2013 AL<\/p>\n<p><strong>SOBRE O PREFEITO:<\/strong><\/p>\n<p>Marivaldo Pena teve sua trajet\u00f3ria pol\u00edtica iniciada logo cedo, onde na escola Barros Correia concorreu para a elei\u00e7\u00e3o do gr\u00eamio estudantil. No ano de 1998 foi aprovado no concurso p\u00fablico, tornando-se servidor efetivo da prefeitura do Altinho. Em 2003 foi eleito o primeiro conselheiro tutelar do munic\u00edpio do Altinho, logo ap\u00f3s foi eleito vereador pelo PSB.<\/p>\n<p>Na administra\u00e7\u00e3o p\u00fablica esteve nos cargos de Secret\u00e1rio da Juventude, Trabalho, Qualifica\u00e7\u00e3o e Empreendedorismo, Secret\u00e1rio de Governo e Seguran\u00e7a Cidad\u00e3, Secret\u00e1rio de Sa\u00fade e Diretor Presidente do AltinhoPREV. Marivaldo Pena \u00e9 tamb\u00e9m Acad\u00eamico em Direito.<\/p>\n<p><strong>O prefeito \u00e9 o chefe do Poder Executivo em sua esfera municipal, sendo o respons\u00e1vel por administrar os interesses da cidade em conjunto com a C\u00e2mara Municipal dos Vereadores.<\/strong><\/p>\n<p><strong>GOVERNO MUNICIPAL &#8211; PODER EXECUTIVO<\/strong><br \/>\nRua Dr. Nestor Varej\u00e3o, 51 &#8211; Centro | Altinho &#8211; PE | CEP 55.490-000<br \/>\nHor\u00e1rio de Atendimento ao P\u00fablico: 07:30h \u00e0s 13:00h<br \/>\nContato: (81) 3739-1118<br \/>\ne-Mail: gabinetedoprefeito@altinho.pe.gov.br<br \/>\n<img loading=\"lazy\" decoding=\"async\" class=\"img-responsive alignnone wp-image-7962 size-large\" src=\"https:\/\/altinho.pe.gov.br\/v1\/wp-content\/uploads\/2018\/01\/linhas-1-750x29.png\" alt=\"\" width=\"750\" height=\"29\" srcset=\"https:\/\/altinho.pe.gov.br\/v1\/wp-content\/uploads\/2018\/01\/linhas-1-750x29.png 750w, https:\/\/altinho.pe.gov.br\/v1\/wp-content\/uploads\/2018\/01\/linhas-1-150x6.png 150w, https:\/\/altinho.pe.gov.br\/v1\/wp-content\/uploads\/2018\/01\/linhas-1-300x12.png 300w, https:\/\/altinho.pe.gov.br\/v1\/wp-content\/uploads\/2018\/01\/linhas-1-768x30.png 768w, https:\/\/altinho.pe.gov.br\/v1\/wp-content\/uploads\/2018\/01\/linhas-1.png 798w\" sizes=\"auto, (max-width: 750px) 100vw, 750px\" \/><\/p>\n","protected":false},"excerpt":{"rendered":"<p>NOME COMPLETO: Marivaldo Pena DATA DE NASCIMENTO: 28\/10\/1979 NATURALIDADE: Jacu\u00edpe \u2013 AL SOBRE O PREFEITO: Marivaldo Pena teve sua trajet\u00f3ria pol\u00edtica iniciada logo cedo, onde na escola Barros Correia concorreu para a <a class=\"leiamais\" href=\"https:\/\/altinho.pe.gov.br\/v1\/o-prefeito\/\">LEIA MAIS <i class=\"fa fa-angle-double-right\" aria-hidden=\"true\"><\/i><br \/>\n<\/a><\/p>\n","protected":false},"author":2,"featured_media":0,"parent":0,"menu_order":0,"comment_status":"closed","ping_status":"closed","template":"","meta":{"footnotes":""},"class_list":["post-6545","page","type-page","status-publish","hentry","active"],"_links":{"self":[{"href":"https:\/\/altinho.pe.gov.br\/v1\/wp-json\/wp\/v2\/pages\/6545","targetHints":{"allow":["GET"]}}],"collection":[{"href":"https:\/\/altinho.pe.gov.br\/v1\/wp-json\/wp\/v2\/pages"}],"about":[{"href":"https:\/\/altinho.pe.gov.br\/v1\/wp-json\/wp\/v2\/types\/page"}],"author":[{"embeddable":true,"href":"https:\/\/altinho.pe.gov.br\/v1\/wp-json\/wp\/v2\/users\/2"}],"replies":[{"embeddable":true,"href":"https:\/\/altinho.pe.gov.br\/v1\/wp-json\/wp\/v2\/comments?post=6545"}],"version-history":[{"count":20,"href":"https:\/\/altinho.pe.gov.br\/v1\/wp-json\/wp\/v2\/pages\/6545\/revisions"}],"predecessor-version":[{"id":34237,"href":"https:\/\/altinho.pe.gov.br\/v1\/wp-json\/wp\/v2\/pages\/6545\/revisions\/34237"}],"wp:attachment":[{"href":"https:\/\/altinho.pe.gov.br\/v1\/wp-json\/wp\/v2\/media?parent=6545"}],"curies":[{"name":"wp","href":"https:\/\/api.w.org\/{rel}","templated":true}]}}