{"id":643,"date":"2017-03-18T19:39:19","date_gmt":"2017-03-18T22:39:19","guid":{"rendered":"http:\/\/altinho.pe.gov.br\/v1\/?page_id=643"},"modified":"2017-03-18T19:39:19","modified_gmt":"2017-03-18T22:39:19","slug":"lei-organica-do-municipio-do-altinho","status":"publish","type":"page","link":"https:\/\/altinho.pe.gov.br\/v1\/lei-organica-do-municipio-do-altinho\/","title":{"rendered":"LEI ORG\u00c2NICA DO MUNIC\u00cdPIO DO ALTINHO"},"content":{"rendered":"<p style=\"text-align: justify;\"><strong>PRE\u00c2MBULO<\/strong><br \/>\nSob a prote\u00e7\u00e3o de Deus, n\u00f3s representantes do povo altinense, reunidos em Comiss\u00e3o Especial Constituinte, para dotar o Munic\u00edpio de Altinho de sua Carta Magna, dentro de um Estado Democr\u00e1tico, objetivando assegurar o exerc\u00edcio dos direitos sociais e individuais, a liberdade, a seguran\u00e7a, o bem-estar, o desenvolvimento, a igualdade e a justi\u00e7a como valores supremos de uma comunidade fraterna e sem preconceitos, baseada na paz social, no progresso e no respeito \u00e0 pessoa humana, norteados pelo que diz o Art. XII da Declara\u00e7\u00e3o Universal dos Direitos Humanos, de que \u201cNingu\u00e9m ser\u00e1 sujeito a interfer\u00eancias na sua vida privada, na sua fam\u00edlia, no seu lar ou na sua correspond\u00eancia, nem a ataques a sua honra e reputa\u00e7\u00e3o. Todo homem tem direito \u00e0 prote\u00e7\u00e3o da lei contra tais interfer\u00eancias ou ataques\u201d. PROMULGADOS a seguinte LEI ORG\u00c2NICA MUNICIPAL DE ALTINHO, ESTADO DE PERNAMBUCO:<\/p>\n<h4 style=\"text-align: center;\"><strong>T\u00cdTULO I<\/strong><br \/>\n<strong> DAS DISPOSI\u00c7\u00d5ES PERMANENTES<\/strong><br \/>\n<strong> CAP\u00cdTULO I<\/strong><br \/>\n<strong> DOS PRINC\u00cdPIOS FUNDAMENTAIS<\/strong><\/h4>\n<p style=\"text-align: justify;\">Art. 1\u00ba &#8211; O Munic\u00edpio de Altinho, pessoa jur\u00eddica de direito p\u00fablico interno, criado pela Lei Provincial n\u00ba 1.560, de 30 de maio de 1881 e elevado \u00e0 categoria de cidade a sua sede, Lei Estadual n\u00ba 400, de 28 de junho de 1899, \u00e9 uma das unidades do territ\u00f3rio do Estado de Pernambuco, com quem mant\u00e9m uni\u00e3o indissol\u00favel juntamente com a Rep\u00fablica Federativa do Brasil, constitu\u00eddo dentro do Estado Democr\u00e1tico de Direito, em esfera de governo local, tendo como objetivo, na circunscri\u00e7\u00e3o de sua \u00e1rea territorial e competencial, o seu desenvolvimento com a constru\u00e7\u00e3o de uma comunidade livre, justa e solid\u00e1ria, fundamentada na autonomia que lhe define e Art. 18 da Constitui\u00e7\u00e3o Federal, bem como nos fundamentos atinentes \u00e0 soberania, cidadania, dignidade da pessoa humana, valores sociais do trabalho e da livre iniciativa e pluralismo pol\u00edtico, nos moldes do que est\u00e1 exarado nos Incisos I a V de Art. 1\u00ba da Constitui\u00e7\u00e3o Federal.<br \/>\n\u00a7 1\u00ba &#8211; O Munic\u00edpio de Altinho, exercer\u00e1 o seu poder por decis\u00e3o dos mun\u00edcipes, pelos seus leg\u00edtimos representantes eleitos ou diretamente, nos termos desta Lei Org\u00e2nica, da Constitui\u00e7\u00e3o do Estado de Pernambuco e da Constitui\u00e7\u00e3o Federal.<br \/>\n\u00a7 2\u00ba &#8211; A a\u00e7\u00e3o do Munic\u00edpio de Altinho, abrange todo o seu territ\u00f3rio, sem privilegiar Povoados, Vilas ou regi\u00f5es urbanas ou rurais, promovendo a redu\u00e7\u00e3o de desigualdades regionais e sociais, oferecendo o bem-estar de todos os mun\u00edcipes, sem qualquer preconceito de origem, ra\u00e7a, idade, cor, cren\u00e7a, sexo ou quaisquer outras formas de descrimina\u00e7\u00e3o.<\/p>\n<h4 style=\"text-align: center;\"><strong>BAIXE A LEI ORG\u00c2NICA DO MUNIC\u00cdPIO DO ALTINHO NA \u00cdNTEGRA.<\/strong><\/h4>\n<h4 style=\"text-align: center;\"><a href=\"https:\/\/altinho.pe.gov.br\/v1\/wp-content\/uploads\/2017\/03\/lei_organica_municipal_altinho.pdf\"><img loading=\"lazy\" decoding=\"async\" class=\"img-responsive aligncenter wp-image-659 size-full\" src=\"https:\/\/altinho.pe.gov.br\/v1\/wp-content\/uploads\/2017\/03\/Download-Button-ICO.png\" alt=\"\" height=\"29\" width=\"100\"><\/a><\/h4>\n","protected":false},"excerpt":{"rendered":"<p>PRE\u00c2MBULO Sob a prote\u00e7\u00e3o de Deus, n\u00f3s representantes do povo altinense, reunidos em Comiss\u00e3o Especial Constituinte, para dotar o Munic\u00edpio de Altinho de sua Carta Magna, dentro de um Estado Democr\u00e1tico, objetivando <a class=\"leiamais\" href=\"https:\/\/altinho.pe.gov.br\/v1\/lei-organica-do-municipio-do-altinho\/\">LEIA MAIS <i class=\"fa fa-angle-double-right\" aria-hidden=\"true\"><\/i><br \/>\n<\/a><\/p>\n","protected":false},"author":2,"featured_media":0,"parent":0,"menu_order":0,"comment_status":"closed","ping_status":"closed","template":"","meta":{"footnotes":""},"class_list":["post-643","page","type-page","status-publish","hentry","active"],"_links":{"self":[{"href":"https:\/\/altinho.pe.gov.br\/v1\/wp-json\/wp\/v2\/pages\/643","targetHints":{"allow":["GET"]}}],"collection":[{"href":"https:\/\/altinho.pe.gov.br\/v1\/wp-json\/wp\/v2\/pages"}],"about":[{"href":"https:\/\/altinho.pe.gov.br\/v1\/wp-json\/wp\/v2\/types\/page"}],"author":[{"embeddable":true,"href":"https:\/\/altinho.pe.gov.br\/v1\/wp-json\/wp\/v2\/users\/2"}],"replies":[{"embeddable":true,"href":"https:\/\/altinho.pe.gov.br\/v1\/wp-json\/wp\/v2\/comments?post=643"}],"version-history":[{"count":9,"href":"https:\/\/altinho.pe.gov.br\/v1\/wp-json\/wp\/v2\/pages\/643\/revisions"}],"predecessor-version":[{"id":669,"href":"https:\/\/altinho.pe.gov.br\/v1\/wp-json\/wp\/v2\/pages\/643\/revisions\/669"}],"wp:attachment":[{"href":"https:\/\/altinho.pe.gov.br\/v1\/wp-json\/wp\/v2\/media?parent=643"}],"curies":[{"name":"wp","href":"https:\/\/api.w.org\/{rel}","templated":true}]}}