{"id":44,"date":"2017-02-28T15:52:05","date_gmt":"2017-02-28T18:52:05","guid":{"rendered":"http:\/\/altinho.pe.gov.br\/v1\/?page_id=44"},"modified":"2017-02-28T15:52:05","modified_gmt":"2017-02-28T18:52:05","slug":"a-cidade","status":"publish","type":"page","link":"https:\/\/altinho.pe.gov.br\/v1\/a-cidade\/","title":{"rendered":"A CIDADE"},"content":{"rendered":"<p>No s\u00e9culo dezessete, pelos anos de 1750 a 1760, o portugu\u00eas Jos\u00e9 Vieira de Melo se estabeleceu \u00e0 margem direita do Rio Una, com a fazenda de pecu\u00e1ria que chamou Fazenda Senhora do \u00d3, que deu origem \u00e0 cidade de Altinho (por ser localizado num plano alto)<\/p>\n<p>A fazenda ficava num planalto de 600 metros. Sendo esse homem muito cat\u00f3lico, edificou no local a Capela de Nossa Senhora do \u00d3, que atraiu ao lugar pessoas para residir, constituindo<\/p>\n<p>o Povoado de Altinho. Posteriormente edificou um templo maior que foi a Igreja Matriz de Nossa Senhora do \u00d3, passando a capela primitiva a se chamar Capela Nossa Senhora do Ros\u00e1rio.<\/p>\n<p>O desenvolvimento do povoado teve grande influ\u00eancia religiosa, mas como fator predominante a estrada de Garanhuns Recife que passava por Altinho e que trouxe grande n\u00famero de viajadores, que ali se instalaram adquirindo terras desenvolvendo a pecu\u00e1ria e a agricultura.<\/p>\n<p>Distrito criado com a denomina\u00e7\u00e3o de Altinho, pela lei provincial n\u00ba 45, de 12-06-1837. Elevado \u00e0 categoria de vila com a denomina\u00e7\u00e3o de Altinho, pela lei provincial n\u00ba 1560, de 30-05-1881, desmembrado de Caruaru. Constitu\u00eddo do distrito sede. Instalado em 11-04-1884. Pela provincial n\u00ba 1829, de 28-06-1884, e por lei estadual n\u00ba 991, de 01-07-1909, \u00e9 criado o distrito de Bebedouro e anexado ao munic\u00edpio de Altinho. Elevado \u00e0 condi\u00e7\u00e3o de cidade e sede do munic\u00edpio pela lei estadual n\u00ba 400, de 28-06-1899. Pela lei municipal n\u00ba 35, de 20-08-1900, \u00e9 criado o distrito de Cachoeira Grande e anexado ao munic\u00edpio de Altinho. Em divis\u00e3o administrativa referente ao ano de 1911, munic\u00edpio \u00e9 constitu\u00eddo de 3 distritos: Altinho, Bebedouro e Cachoeira Grande. Pelo decreto estadual n\u00ba 1931, de 11-09-1928, desmembra do munic\u00edpio de Altinho o distrito de Bebedouro. Elevado \u00e0 categoria de munic\u00edpio. Em divis\u00e3o administrativa referente ao ano de 1933, o munic\u00edpio \u00e9 constitu\u00eddo de 2 distritos: Altinho e Cachoeira Grande. Pela lei municipal n\u00ba 7, de 18-02-1937, \u00e9 criado o distrito de Ibirajuba e anexado ao munic\u00edpio de Altinho. Em divis\u00e3o territorial datada de 31-XII-1937, o munic\u00edpio \u00e9 constitu\u00eddo de 3 distritos: Altinho, Cachoeira Grande e Ibirajuba. Pela decreto-lei n\u00ba 235, de 09-12-1938, o distrito de Cachoeira Grande passou a denominar-se Ituguass\u00fa. No quadro fixado para vigorar no per\u00edodo de 1944-1948, o munic\u00edpio \u00e9 constitu\u00eddo de 3 distritos: Altinho, Ibirajuba e Ituguass\u00fa.<\/p>\n<p>Em divis\u00e3o territorial datada de 1-VII-1955, o munic\u00edpio \u00e9 constitu\u00eddo de 3 distritos: Altinho, Ibirajuba e Ituguass\u00fa. Assim permanecendo em divis\u00e3o territorial datada de 1-VII-1960.<\/p>\n<p>Pela lei estadual n\u00ba 4943, de 20-12-1963, desmembra do munic\u00edpio de Altinho o distrito de Ibirajuba. Elevado \u00e0 categoria de munic\u00edpio. Em divis\u00e3o territorial datada de 31-XII-1963, o munic\u00edpio \u00e9 constitu\u00eddo de 2 distritos: Altinho e Ituguassu. Assim permanecendo em divis\u00e3o territorial datada de 2005.<\/p>\n","protected":false},"excerpt":{"rendered":"<p>No s\u00e9culo dezessete, pelos anos de 1750 a 1760, o portugu\u00eas Jos\u00e9 Vieira de Melo se estabeleceu \u00e0 margem direita do Rio Una, com a fazenda de pecu\u00e1ria que chamou Fazenda Senhora <a class=\"leiamais\" href=\"https:\/\/altinho.pe.gov.br\/v1\/a-cidade\/\">LEIA MAIS <i class=\"fa fa-angle-double-right\" aria-hidden=\"true\"><\/i><br \/>\n<\/a><\/p>\n","protected":false},"author":6,"featured_media":0,"parent":0,"menu_order":0,"comment_status":"closed","ping_status":"closed","template":"","meta":{"footnotes":""},"class_list":["post-44","page","type-page","status-publish","hentry","active"],"_links":{"self":[{"href":"https:\/\/altinho.pe.gov.br\/v1\/wp-json\/wp\/v2\/pages\/44","targetHints":{"allow":["GET"]}}],"collection":[{"href":"https:\/\/altinho.pe.gov.br\/v1\/wp-json\/wp\/v2\/pages"}],"about":[{"href":"https:\/\/altinho.pe.gov.br\/v1\/wp-json\/wp\/v2\/types\/page"}],"author":[{"embeddable":true,"href":"https:\/\/altinho.pe.gov.br\/v1\/wp-json\/wp\/v2\/users\/6"}],"replies":[{"embeddable":true,"href":"https:\/\/altinho.pe.gov.br\/v1\/wp-json\/wp\/v2\/comments?post=44"}],"version-history":[{"count":1,"href":"https:\/\/altinho.pe.gov.br\/v1\/wp-json\/wp\/v2\/pages\/44\/revisions"}],"predecessor-version":[{"id":45,"href":"https:\/\/altinho.pe.gov.br\/v1\/wp-json\/wp\/v2\/pages\/44\/revisions\/45"}],"wp:attachment":[{"href":"https:\/\/altinho.pe.gov.br\/v1\/wp-json\/wp\/v2\/media?parent=44"}],"curies":[{"name":"wp","href":"https:\/\/api.w.org\/{rel}","templated":true}]}}