{"id":37921,"date":"2025-08-05T11:47:06","date_gmt":"2025-08-05T14:47:06","guid":{"rendered":"https:\/\/altinho.pe.gov.br\/v1\/?page_id=37921"},"modified":"2026-04-21T16:42:53","modified_gmt":"2026-04-21T19:42:53","slug":"politica-nacional-aldir-blanc-pnab-modulo-2","status":"publish","type":"page","link":"https:\/\/altinho.pe.gov.br\/v1\/politica-nacional-aldir-blanc-pnab-modulo-2\/","title":{"rendered":"Pol\u00edtica Nacional Aldir Blanc \u2013 PNAB (Ciclo 2)"},"content":{"rendered":"\n<p>Documentos da Lei Aldir Blanc 2025<\/p>\n\n\n\n<figure class=\"wp-block-image size-large\"><a href=\"https:\/\/altinho.pe.gov.br\/v1\/wp-content\/uploads\/2025\/08\/escuta-publica-aldir-blanc.png\"><img loading=\"lazy\" decoding=\"async\" width=\"602\" height=\"750\" src=\"https:\/\/altinho.pe.gov.br\/v1\/wp-content\/uploads\/2025\/08\/escuta-publica-aldir-blanc-602x750.png\" alt=\"\" class=\"wp-image-37922\" srcset=\"https:\/\/altinho.pe.gov.br\/v1\/wp-content\/uploads\/2025\/08\/escuta-publica-aldir-blanc-602x750.png 602w, https:\/\/altinho.pe.gov.br\/v1\/wp-content\/uploads\/2025\/08\/escuta-publica-aldir-blanc-241x300.png 241w, https:\/\/altinho.pe.gov.br\/v1\/wp-content\/uploads\/2025\/08\/escuta-publica-aldir-blanc-120x150.png 120w, https:\/\/altinho.pe.gov.br\/v1\/wp-content\/uploads\/2025\/08\/escuta-publica-aldir-blanc-768x957.png 768w, https:\/\/altinho.pe.gov.br\/v1\/wp-content\/uploads\/2025\/08\/escuta-publica-aldir-blanc-1232x1536.png 1232w, https:\/\/altinho.pe.gov.br\/v1\/wp-content\/uploads\/2025\/08\/escuta-publica-aldir-blanc.png 1347w\" sizes=\"auto, (max-width: 602px) 100vw, 602px\" \/><\/a><\/figure>\n\n\n\n<h2 class=\"wp-block-heading\">Escuta P\u00fablica da Lei Aldir Blanc &#8211; Ciclo 2<\/h2>\n\n\n\n<figure class=\"wp-block-video\"><video height=\"1280\" style=\"aspect-ratio: 720 \/ 1280;\" width=\"720\" controls src=\"https:\/\/altinho.pe.gov.br\/v1\/wp-content\/uploads\/2025\/08\/WhatsApp-Video-2025-08-06-at-16.35.48.mp4\"><\/video><\/figure>\n\n\n\n<hr class=\"wp-block-separator has-alpha-channel-opacity\"\/>\n\n\n\n<div data-wp-interactive=\"core\/file\" class=\"wp-block-file\"><object data-wp-bind--hidden=\"!state.hasPdfPreview\" hidden class=\"wp-block-file__embed\" data=\"https:\/\/altinho.pe.gov.br\/v1\/wp-content\/uploads\/2026\/04\/Edital-de-chamamento-publico-n-001-2026-1.pdf\" type=\"application\/pdf\" style=\"width:100%;height:600px\" aria-label=\"Incorporado de Edital de chamamento pu\u0301blico n 001-2026  (1).\"><\/object><a id=\"wp-block-file--media-4081ca7b-dcac-4873-86dc-a8f0d6ca40a6\" href=\"https:\/\/altinho.pe.gov.br\/v1\/wp-content\/uploads\/2026\/04\/Edital-de-chamamento-publico-n-001-2026-1.pdf\">Edital de chamamento pu\u0301blico n 001-2026  (1)<\/a><a href=\"https:\/\/altinho.pe.gov.br\/v1\/wp-content\/uploads\/2026\/04\/Edital-de-chamamento-publico-n-001-2026-1.pdf\" class=\"wp-block-file__button wp-element-button\" download aria-describedby=\"wp-block-file--media-4081ca7b-dcac-4873-86dc-a8f0d6ca40a6\">Baixar<\/a><\/div>\n\n\n\n<div data-wp-interactive=\"core\/file\" class=\"wp-block-file\"><object data-wp-bind--hidden=\"!state.hasPdfPreview\" hidden class=\"wp-block-file__embed\" data=\"https:\/\/altinho.pe.gov.br\/v1\/wp-content\/uploads\/2026\/04\/Edital-de-Chamamento-Publico-no002-2026-Fomento-periferia.pdf\" type=\"application\/pdf\" style=\"width:100%;height:600px\" aria-label=\"Incorporado de Edital de Chamamento Pu\u0301blico n\u00ba002-2026 - Fomento periferia.\"><\/object><a id=\"wp-block-file--media-bab46727-75be-4ef7-8d5d-530591bb6517\" href=\"https:\/\/altinho.pe.gov.br\/v1\/wp-content\/uploads\/2026\/04\/Edital-de-Chamamento-Publico-no002-2026-Fomento-periferia.pdf\">Edital de Chamamento Pu\u0301blico n\u00ba002-2026 &#8211; Fomento periferia<\/a><a href=\"https:\/\/altinho.pe.gov.br\/v1\/wp-content\/uploads\/2026\/04\/Edital-de-Chamamento-Publico-no002-2026-Fomento-periferia.pdf\" class=\"wp-block-file__button wp-element-button\" download aria-describedby=\"wp-block-file--media-bab46727-75be-4ef7-8d5d-530591bb6517\">Baixar<\/a><\/div>\n\n\n\n<div data-wp-interactive=\"core\/file\" class=\"wp-block-file\"><object data-wp-bind--hidden=\"!state.hasPdfPreview\" hidden class=\"wp-block-file__embed\" data=\"https:\/\/altinho.pe.gov.br\/v1\/wp-content\/uploads\/2026\/04\/Edital-de-Chamamento-Publico-Multilingua-N\u00b0-03.pdf\" type=\"application\/pdf\" style=\"width:100%;height:600px\" aria-label=\"Incorporado de Edital de Chamamento Pu\u0301blico Multilingua N\u00b0 03.\"><\/object><a id=\"wp-block-file--media-11064c1d-eaf7-46c7-b753-b80059c8ffb1\" href=\"https:\/\/altinho.pe.gov.br\/v1\/wp-content\/uploads\/2026\/04\/Edital-de-Chamamento-Publico-Multilingua-N\u00b0-03.pdf\">Edital de Chamamento Pu\u0301blico Multilingua N\u00b0 03<\/a><a href=\"https:\/\/altinho.pe.gov.br\/v1\/wp-content\/uploads\/2026\/04\/Edital-de-Chamamento-Publico-Multilingua-N\u00b0-03.pdf\" class=\"wp-block-file__button wp-element-button\" download aria-describedby=\"wp-block-file--media-11064c1d-eaf7-46c7-b753-b80059c8ffb1\">Baixar<\/a><\/div>\n\n\n\n<hr class=\"wp-block-separator has-alpha-channel-opacity\"\/>\n\n\n\n<div data-wp-interactive=\"core\/file\" class=\"wp-block-file\"><object data-wp-bind--hidden=\"!state.hasPdfPreview\" hidden class=\"wp-block-file__embed\" data=\"https:\/\/altinho.pe.gov.br\/v1\/wp-content\/uploads\/2026\/04\/ERRATA-AOS-EDITAIS-No001-2026-No002-2026-E-No003-2026.pdf\" type=\"application\/pdf\" style=\"width:100%;height:600px\" aria-label=\"Incorporado de ERRATA AOS EDITAIS N\u00ba001-2026, N\u00ba002-2026 E N\u00ba003-2026.\"><\/object><a id=\"wp-block-file--media-7481f754-8d96-4e6b-9354-d0d09dc363af\" href=\"https:\/\/altinho.pe.gov.br\/v1\/wp-content\/uploads\/2026\/04\/ERRATA-AOS-EDITAIS-No001-2026-No002-2026-E-No003-2026.pdf\">ERRATA AOS EDITAIS N\u00ba001-2026, N\u00ba002-2026 E N\u00ba003-2026<\/a><a href=\"https:\/\/altinho.pe.gov.br\/v1\/wp-content\/uploads\/2026\/04\/ERRATA-AOS-EDITAIS-No001-2026-No002-2026-E-No003-2026.pdf\" class=\"wp-block-file__button wp-element-button\" download aria-describedby=\"wp-block-file--media-7481f754-8d96-4e6b-9354-d0d09dc363af\">Baixar<\/a><\/div>\n\n\n\n<div data-wp-interactive=\"core\/file\" class=\"wp-block-file\"><object data-wp-bind--hidden=\"!state.hasPdfPreview\" hidden class=\"wp-block-file__embed\" data=\"https:\/\/altinho.pe.gov.br\/v1\/wp-content\/uploads\/2026\/04\/PORTARIA-No-092-2026.pdf\" type=\"application\/pdf\" style=\"width:100%;height:600px\" aria-label=\"Incorporado de PORTARIA N\u00ba 092-2026.\"><\/object><a id=\"wp-block-file--media-fd1edf30-6901-4c23-b596-853f73052fdd\" href=\"https:\/\/altinho.pe.gov.br\/v1\/wp-content\/uploads\/2026\/04\/PORTARIA-No-092-2026.pdf\">PORTARIA N\u00ba 092-2026<\/a><a href=\"https:\/\/altinho.pe.gov.br\/v1\/wp-content\/uploads\/2026\/04\/PORTARIA-No-092-2026.pdf\" class=\"wp-block-file__button wp-element-button\" download aria-describedby=\"wp-block-file--media-fd1edf30-6901-4c23-b596-853f73052fdd\">Baixar<\/a><\/div>\n\n\n\n<p>Prefeitura do Altinho<br><strong><em>GOVERNO DE UNI\u00c3O, INCLUS\u00c3O E IGUALDADE<\/em><\/strong><br>ASCOM \u2013 Assessoria de Comunica\u00e7\u00e3o, Jornalismo e Publicidade \u00a92026<\/p>\n","protected":false},"excerpt":{"rendered":"<p>Documentos da Lei Aldir Blanc 2025 Escuta P\u00fablica da Lei Aldir Blanc &#8211; Ciclo 2 Prefeitura do AltinhoGOVERNO DE UNI\u00c3O, INCLUS\u00c3O E IGUALDADEASCOM \u2013 Assessoria de Comunica\u00e7\u00e3o, Jornalismo e Publicidade \u00a92026<\/p>\n","protected":false},"author":2,"featured_media":0,"parent":0,"menu_order":0,"comment_status":"closed","ping_status":"closed","template":"","meta":{"footnotes":""},"class_list":["post-37921","page","type-page","status-publish","hentry","active"],"_links":{"self":[{"href":"https:\/\/altinho.pe.gov.br\/v1\/wp-json\/wp\/v2\/pages\/37921","targetHints":{"allow":["GET"]}}],"collection":[{"href":"https:\/\/altinho.pe.gov.br\/v1\/wp-json\/wp\/v2\/pages"}],"about":[{"href":"https:\/\/altinho.pe.gov.br\/v1\/wp-json\/wp\/v2\/types\/page"}],"author":[{"embeddable":true,"href":"https:\/\/altinho.pe.gov.br\/v1\/wp-json\/wp\/v2\/users\/2"}],"replies":[{"embeddable":true,"href":"https:\/\/altinho.pe.gov.br\/v1\/wp-json\/wp\/v2\/comments?post=37921"}],"version-history":[{"count":8,"href":"https:\/\/altinho.pe.gov.br\/v1\/wp-json\/wp\/v2\/pages\/37921\/revisions"}],"predecessor-version":[{"id":39493,"href":"https:\/\/altinho.pe.gov.br\/v1\/wp-json\/wp\/v2\/pages\/37921\/revisions\/39493"}],"wp:attachment":[{"href":"https:\/\/altinho.pe.gov.br\/v1\/wp-json\/wp\/v2\/media?parent=37921"}],"curies":[{"name":"wp","href":"https:\/\/api.w.org\/{rel}","templated":true}]}}