{"id":37145,"date":"2025-06-10T21:09:04","date_gmt":"2025-06-11T00:09:04","guid":{"rendered":"https:\/\/altinho.pe.gov.br\/v1\/?page_id=37145"},"modified":"2025-07-18T08:35:55","modified_gmt":"2025-07-18T11:35:55","slug":"edital-004-remanejamento-outras-culturas-e-audiovisual","status":"publish","type":"page","link":"https:\/\/altinho.pe.gov.br\/v1\/edital-004-remanejamento-outras-culturas-e-audiovisual\/","title":{"rendered":"EDITAL 004 &#8211; REMANEJAMENTO &#8211; OUTRAS CULTURAS E AUDIOVISUAL"},"content":{"rendered":"\n<h2 class=\"wp-block-heading\">AUDIOVISUAL<\/h2>\n\n\n\n<p><strong><em>01. Cia Teatral Estudantil &#8211; B. CENA &#8211; EDU TORRES DE BARROS MELO<\/em><\/strong><\/p>\n\n\n\n<figure class=\"wp-block-embed is-type-video is-provider-youtube wp-block-embed-youtube wp-embed-aspect-16-9 wp-has-aspect-ratio\"><div class=\"wp-block-embed__wrapper\">\n<iframe loading=\"lazy\" title=\"Cia Teatral Estudantil - B. CENA - EDU TORRES DE BARROS MELO\" width=\"500\" height=\"281\" src=\"https:\/\/www.youtube.com\/embed\/KLnC0hv5EjA?feature=oembed\" frameborder=\"0\" allow=\"accelerometer; autoplay; clipboard-write; encrypted-media; gyroscope; picture-in-picture; web-share\" referrerpolicy=\"strict-origin-when-cross-origin\" allowfullscreen><\/iframe>\n<\/div><\/figure>\n\n\n\n<p><strong><em>02. Document\u00e1rio do TROPA (Teatro Popular de Altinho) EDUARDO CARLOS DA SILVA<\/em><\/strong><\/p>\n\n\n\n<figure class=\"wp-block-embed is-type-video is-provider-youtube wp-block-embed-youtube wp-embed-aspect-16-9 wp-has-aspect-ratio\"><div class=\"wp-block-embed__wrapper\">\n<iframe loading=\"lazy\" title=\"Document\u00e1rio do TROPA (Teatro Popular de Altinho) EDUARDO CARLOS DA SILVA\" width=\"500\" height=\"281\" src=\"https:\/\/www.youtube.com\/embed\/8oTALtgQyMg?feature=oembed\" frameborder=\"0\" allow=\"accelerometer; autoplay; clipboard-write; encrypted-media; gyroscope; picture-in-picture; web-share\" referrerpolicy=\"strict-origin-when-cross-origin\" allowfullscreen><\/iframe>\n<\/div><\/figure>\n\n\n\n<h2 class=\"wp-block-heading\">OUTRAS CULTURAS<\/h2>\n\n\n\n<p><strong><em>01. Oficina de M\u00fasica &#8211; GIDEON SARAIVA DOS SANTOS<\/em><\/strong><\/p>\n\n\n\n<figure class=\"wp-block-embed is-type-video is-provider-youtube wp-block-embed-youtube wp-embed-aspect-16-9 wp-has-aspect-ratio\"><div class=\"wp-block-embed__wrapper\">\n<iframe loading=\"lazy\" title=\"Oficina de M\u00fasica - GIDEON SARAIVA DOS SANTOS\" width=\"500\" height=\"281\" src=\"https:\/\/www.youtube.com\/embed\/668a5_q3azc?feature=oembed\" frameborder=\"0\" allow=\"accelerometer; autoplay; clipboard-write; encrypted-media; gyroscope; picture-in-picture; web-share\" referrerpolicy=\"strict-origin-when-cross-origin\" allowfullscreen><\/iframe>\n<\/div><\/figure>\n\n\n\n<p><strong><em>02. Fotografia &#8211; ADJAILSON MANOEL CARLOS<\/em><\/strong><\/p>\n\n\n\n<figure class=\"wp-block-embed is-type-video is-provider-youtube wp-block-embed-youtube wp-embed-aspect-16-9 wp-has-aspect-ratio\"><div class=\"wp-block-embed__wrapper\">\n<iframe loading=\"lazy\" title=\"Fotografia - ADJAILSON MANOEL CARLOS\" width=\"500\" height=\"281\" src=\"https:\/\/www.youtube.com\/embed\/aWb0iJ5Osss?feature=oembed\" frameborder=\"0\" allow=\"accelerometer; autoplay; clipboard-write; encrypted-media; gyroscope; picture-in-picture; web-share\" referrerpolicy=\"strict-origin-when-cross-origin\" allowfullscreen><\/iframe>\n<\/div><\/figure>\n\n\n\n<p><strong><em>03. Mauro Lima &#8211; MAURO JO\u00c3O DA SILVA<\/em><\/strong><\/p>\n\n\n\n<figure class=\"wp-block-embed is-type-video is-provider-youtube wp-block-embed-youtube wp-embed-aspect-16-9 wp-has-aspect-ratio\"><div class=\"wp-block-embed__wrapper\">\n<iframe loading=\"lazy\" title=\"Mauro Lima - MAURO JO\u00c3O DA SILVA\" width=\"500\" height=\"281\" src=\"https:\/\/www.youtube.com\/embed\/ELeaOb9-Rh4?feature=oembed\" frameborder=\"0\" allow=\"accelerometer; autoplay; clipboard-write; encrypted-media; gyroscope; picture-in-picture; web-share\" referrerpolicy=\"strict-origin-when-cross-origin\" allowfullscreen><\/iframe>\n<\/div><\/figure>\n\n\n\n<p><strong><em>04. Exposi\u00e7\u00e3o Fotogr\u00e1fica &#8211; NEIDE COUTO F\u00c9LIX DA COSTA<\/em><\/strong><\/p>\n\n\n\n<figure class=\"wp-block-embed is-type-video is-provider-youtube wp-block-embed-youtube wp-embed-aspect-16-9 wp-has-aspect-ratio\"><div class=\"wp-block-embed__wrapper\">\n<iframe loading=\"lazy\" title=\"Exposi\u00e7\u00e3o Fotogr\u00e1fica - NEIDE COUTO F\u00c9LIX DA COSTA\" width=\"500\" height=\"281\" src=\"https:\/\/www.youtube.com\/embed\/E6gBvuXA1Z4?feature=oembed\" frameborder=\"0\" allow=\"accelerometer; autoplay; clipboard-write; encrypted-media; gyroscope; picture-in-picture; web-share\" referrerpolicy=\"strict-origin-when-cross-origin\" allowfullscreen><\/iframe>\n<\/div><\/figure>\n\n\n\n<p><strong><em>05. Oficina de Artesanato de Barro &#8211; MARIA LEONICE DA SILVA MOTA<\/em><\/strong><\/p>\n\n\n\n<figure class=\"wp-block-embed is-type-video is-provider-youtube wp-block-embed-youtube wp-embed-aspect-16-9 wp-has-aspect-ratio\"><div class=\"wp-block-embed__wrapper\">\n<iframe loading=\"lazy\" title=\"Oficina de Artesanato de Barro - MARIA LEONICE DA SILVA MOTA\" width=\"500\" height=\"281\" src=\"https:\/\/www.youtube.com\/embed\/QvavcsyaeSY?feature=oembed\" frameborder=\"0\" allow=\"accelerometer; autoplay; clipboard-write; encrypted-media; gyroscope; picture-in-picture; web-share\" referrerpolicy=\"strict-origin-when-cross-origin\" allowfullscreen><\/iframe>\n<\/div><\/figure>\n\n\n\n<p><strong><em>06. Fotografia e Poesia &#8211; JO\u00c3O FERREIRA DE MOURA MORAES<\/em><\/strong><\/p>\n\n\n\n<figure class=\"wp-block-embed is-type-video is-provider-youtube wp-block-embed-youtube wp-embed-aspect-4-3 wp-has-aspect-ratio\"><div class=\"wp-block-embed__wrapper\">\n<iframe loading=\"lazy\" title=\"Fotografia e Poesia - JO\u00c3O FERREIRA DE MOURA MORAES\" width=\"500\" height=\"375\" src=\"https:\/\/www.youtube.com\/embed\/BbOxqGtOUa8?feature=oembed\" frameborder=\"0\" allow=\"accelerometer; autoplay; clipboard-write; encrypted-media; gyroscope; picture-in-picture; web-share\" referrerpolicy=\"strict-origin-when-cross-origin\" allowfullscreen><\/iframe>\n<\/div><\/figure>\n\n\n\n<p><strong><em>07. Exposi\u00e7\u00e3o no Museu de Artes Sacras e Outros Segmentos &#8211; EDIBERTO ALVES DE OLIVEIRA<\/em><\/strong><\/p>\n\n\n\n<figure class=\"wp-block-embed is-type-video is-provider-youtube wp-block-embed-youtube wp-embed-aspect-16-9 wp-has-aspect-ratio\"><div class=\"wp-block-embed__wrapper\">\n<iframe loading=\"lazy\" title=\"Exposi\u00e7\u00e3o no Museu de Artes Sacras e Outros Segmentos - EDIBERTO ALVES DE OLIVEIRA\" width=\"500\" height=\"281\" src=\"https:\/\/www.youtube.com\/embed\/WwYerbgPJK0?feature=oembed\" frameborder=\"0\" allow=\"accelerometer; autoplay; clipboard-write; encrypted-media; gyroscope; picture-in-picture; web-share\" referrerpolicy=\"strict-origin-when-cross-origin\" allowfullscreen><\/iframe>\n<\/div><\/figure>\n\n\n\n<p><strong><em>08. Artesanato de Papel\u00e3o &#8211; ALLAN JHONATAN DA SILVA DOS SANTOS Respons\u00e1vel legal JACILENE DOS SANTOS<\/em><\/strong><\/p>\n\n\n\n<figure class=\"wp-block-embed is-type-video is-provider-youtube wp-block-embed-youtube wp-embed-aspect-16-9 wp-has-aspect-ratio\"><div class=\"wp-block-embed__wrapper\">\n<iframe loading=\"lazy\" title=\"Artesanato de Papel\u00e3o - ALLAN JHONATAN DA SILVA DOS SANTOS  Respons\u00e1vel legal JACILENE DOS SANTOS\" width=\"500\" height=\"281\" src=\"https:\/\/www.youtube.com\/embed\/cYGT_igF59k?feature=oembed\" frameborder=\"0\" allow=\"accelerometer; autoplay; clipboard-write; encrypted-media; gyroscope; picture-in-picture; web-share\" referrerpolicy=\"strict-origin-when-cross-origin\" allowfullscreen><\/iframe>\n<\/div><\/figure>\n\n\n\n<p>Prefeitura do Altinho<br><strong>UNI\u00c3O, INCLUS\u00c3O E IGUALDADE<\/strong><br>ASCOM \u2013 Assessoria de Comunica\u00e7\u00e3o, Jornalismo e Publicidade \u00a92025<\/p>\n","protected":false},"excerpt":{"rendered":"<p>AUDIOVISUAL 01. Cia Teatral Estudantil &#8211; B. CENA &#8211; EDU TORRES DE BARROS MELO 02. Document\u00e1rio do TROPA (Teatro Popular de Altinho) EDUARDO CARLOS DA SILVA OUTRAS CULTURAS 01. Oficina de M\u00fasica <a class=\"leiamais\" href=\"https:\/\/altinho.pe.gov.br\/v1\/edital-004-remanejamento-outras-culturas-e-audiovisual\/\">LEIA MAIS <i class=\"fa fa-angle-double-right\" aria-hidden=\"true\"><\/i><br \/>\n<\/a><\/p>\n","protected":false},"author":2,"featured_media":0,"parent":0,"menu_order":0,"comment_status":"closed","ping_status":"closed","template":"","meta":{"footnotes":""},"class_list":["post-37145","page","type-page","status-publish","hentry","active"],"_links":{"self":[{"href":"https:\/\/altinho.pe.gov.br\/v1\/wp-json\/wp\/v2\/pages\/37145","targetHints":{"allow":["GET"]}}],"collection":[{"href":"https:\/\/altinho.pe.gov.br\/v1\/wp-json\/wp\/v2\/pages"}],"about":[{"href":"https:\/\/altinho.pe.gov.br\/v1\/wp-json\/wp\/v2\/types\/page"}],"author":[{"embeddable":true,"href":"https:\/\/altinho.pe.gov.br\/v1\/wp-json\/wp\/v2\/users\/2"}],"replies":[{"embeddable":true,"href":"https:\/\/altinho.pe.gov.br\/v1\/wp-json\/wp\/v2\/comments?post=37145"}],"version-history":[{"count":9,"href":"https:\/\/altinho.pe.gov.br\/v1\/wp-json\/wp\/v2\/pages\/37145\/revisions"}],"predecessor-version":[{"id":37702,"href":"https:\/\/altinho.pe.gov.br\/v1\/wp-json\/wp\/v2\/pages\/37145\/revisions\/37702"}],"wp:attachment":[{"href":"https:\/\/altinho.pe.gov.br\/v1\/wp-json\/wp\/v2\/media?parent=37145"}],"curies":[{"name":"wp","href":"https:\/\/api.w.org\/{rel}","templated":true}]}}