{"id":36905,"date":"2025-06-05T11:44:28","date_gmt":"2025-06-05T14:44:28","guid":{"rendered":"https:\/\/altinho.pe.gov.br\/v1\/?page_id=36905"},"modified":"2025-06-13T17:33:20","modified_gmt":"2025-06-13T20:33:20","slug":"prestacao-de-contas-lei-paulo-gustavo","status":"publish","type":"page","link":"https:\/\/altinho.pe.gov.br\/v1\/prestacao-de-contas-lei-paulo-gustavo\/","title":{"rendered":"Presta\u00e7\u00e3o de Contas: Lei Paulo Gustavo"},"content":{"rendered":"\n<p><strong>Clique no banner para acessar o conte\u00fado.<\/strong><\/p>\n\n\n\n<figure class=\"wp-block-gallery has-nested-images columns-default is-cropped wp-block-gallery-1 is-layout-flex wp-block-gallery-is-layout-flex\">\n<figure class=\"wp-block-image size-large\"><a href=\"https:\/\/altinho.pe.gov.br\/v1\/contrapartida-cinema-itinerante-contrato-no-041\/\"><img loading=\"lazy\" decoding=\"async\" width=\"750\" height=\"231\" data-id=\"37098\" src=\"https:\/\/altinho.pe.gov.br\/v1\/wp-content\/uploads\/2025\/06\/link1-750x231.png\" alt=\"\" class=\"wp-image-37098\" srcset=\"https:\/\/altinho.pe.gov.br\/v1\/wp-content\/uploads\/2025\/06\/link1-750x231.png 750w, https:\/\/altinho.pe.gov.br\/v1\/wp-content\/uploads\/2025\/06\/link1-300x93.png 300w, https:\/\/altinho.pe.gov.br\/v1\/wp-content\/uploads\/2025\/06\/link1-150x46.png 150w, https:\/\/altinho.pe.gov.br\/v1\/wp-content\/uploads\/2025\/06\/link1-768x237.png 768w, https:\/\/altinho.pe.gov.br\/v1\/wp-content\/uploads\/2025\/06\/link1.png 1080w\" sizes=\"auto, (max-width: 750px) 100vw, 750px\" \/><\/a><\/figure>\n\n\n\n<figure class=\"wp-block-image size-large\"><a href=\"https:\/\/altinho.pe.gov.br\/v1\/contrapartida-edital-001-audiovisual\/\"><img loading=\"lazy\" decoding=\"async\" width=\"750\" height=\"231\" data-id=\"37097\" src=\"https:\/\/altinho.pe.gov.br\/v1\/wp-content\/uploads\/2025\/06\/link-Copia-1-750x231.png\" alt=\"\" class=\"wp-image-37097\" srcset=\"https:\/\/altinho.pe.gov.br\/v1\/wp-content\/uploads\/2025\/06\/link-Copia-1-750x231.png 750w, https:\/\/altinho.pe.gov.br\/v1\/wp-content\/uploads\/2025\/06\/link-Copia-1-300x93.png 300w, https:\/\/altinho.pe.gov.br\/v1\/wp-content\/uploads\/2025\/06\/link-Copia-1-150x46.png 150w, https:\/\/altinho.pe.gov.br\/v1\/wp-content\/uploads\/2025\/06\/link-Copia-1-768x237.png 768w, https:\/\/altinho.pe.gov.br\/v1\/wp-content\/uploads\/2025\/06\/link-Copia-1.png 1080w\" sizes=\"auto, (max-width: 750px) 100vw, 750px\" \/><\/a><\/figure>\n\n\n\n<figure class=\"wp-block-image size-large\"><a href=\"https:\/\/altinho.pe.gov.br\/v1\/contrapartida-edital-002\/\"><img loading=\"lazy\" decoding=\"async\" width=\"750\" height=\"231\" data-id=\"37089\" src=\"https:\/\/altinho.pe.gov.br\/v1\/wp-content\/uploads\/2025\/06\/link-Copia-2-750x231.png\" alt=\"\" class=\"wp-image-37089\" srcset=\"https:\/\/altinho.pe.gov.br\/v1\/wp-content\/uploads\/2025\/06\/link-Copia-2-750x231.png 750w, https:\/\/altinho.pe.gov.br\/v1\/wp-content\/uploads\/2025\/06\/link-Copia-2-300x93.png 300w, https:\/\/altinho.pe.gov.br\/v1\/wp-content\/uploads\/2025\/06\/link-Copia-2-150x46.png 150w, https:\/\/altinho.pe.gov.br\/v1\/wp-content\/uploads\/2025\/06\/link-Copia-2-768x237.png 768w, https:\/\/altinho.pe.gov.br\/v1\/wp-content\/uploads\/2025\/06\/link-Copia-2.png 1080w\" sizes=\"auto, (max-width: 750px) 100vw, 750px\" \/><\/a><\/figure>\n\n\n\n<figure class=\"wp-block-image size-large\"><a href=\"https:\/\/altinho.pe.gov.br\/v1\/contrapartida-edital-003-outras-culturas\/\"><img loading=\"lazy\" decoding=\"async\" width=\"750\" height=\"231\" data-id=\"37096\" src=\"https:\/\/altinho.pe.gov.br\/v1\/wp-content\/uploads\/2025\/06\/link-Copia-2-1-750x231.png\" alt=\"\" class=\"wp-image-37096\" srcset=\"https:\/\/altinho.pe.gov.br\/v1\/wp-content\/uploads\/2025\/06\/link-Copia-2-1-750x231.png 750w, https:\/\/altinho.pe.gov.br\/v1\/wp-content\/uploads\/2025\/06\/link-Copia-2-1-300x93.png 300w, https:\/\/altinho.pe.gov.br\/v1\/wp-content\/uploads\/2025\/06\/link-Copia-2-1-150x46.png 150w, https:\/\/altinho.pe.gov.br\/v1\/wp-content\/uploads\/2025\/06\/link-Copia-2-1-768x237.png 768w, https:\/\/altinho.pe.gov.br\/v1\/wp-content\/uploads\/2025\/06\/link-Copia-2-1.png 1080w\" sizes=\"auto, (max-width: 750px) 100vw, 750px\" \/><\/a><\/figure>\n\n\n\n<figure class=\"wp-block-image size-large\"><a href=\"https:\/\/altinho.pe.gov.br\/v1\/edital-004-remanejamento-outras-culturas-e-audiovisual\/\"><img loading=\"lazy\" decoding=\"async\" width=\"750\" height=\"231\" data-id=\"37099\" src=\"https:\/\/altinho.pe.gov.br\/v1\/wp-content\/uploads\/2025\/06\/link2-750x231.png\" alt=\"\" class=\"wp-image-37099\" srcset=\"https:\/\/altinho.pe.gov.br\/v1\/wp-content\/uploads\/2025\/06\/link2-750x231.png 750w, https:\/\/altinho.pe.gov.br\/v1\/wp-content\/uploads\/2025\/06\/link2-300x93.png 300w, https:\/\/altinho.pe.gov.br\/v1\/wp-content\/uploads\/2025\/06\/link2-150x46.png 150w, https:\/\/altinho.pe.gov.br\/v1\/wp-content\/uploads\/2025\/06\/link2-768x237.png 768w, https:\/\/altinho.pe.gov.br\/v1\/wp-content\/uploads\/2025\/06\/link2.png 1080w\" sizes=\"auto, (max-width: 750px) 100vw, 750px\" \/><\/a><\/figure>\n<\/figure>\n\n\n\n<p>Prefeitura do Altinho<br><strong>UNI\u00c3O, INCLUS\u00c3O E IGUALDADE<\/strong><br>ASCOM \u2013 Assessoria de Comunica\u00e7\u00e3o, Jornalismo e Publicidade \u00a92025<\/p>\n","protected":false},"excerpt":{"rendered":"<p>Clique no banner para acessar o conte\u00fado. Prefeitura do AltinhoUNI\u00c3O, INCLUS\u00c3O E IGUALDADEASCOM \u2013 Assessoria de Comunica\u00e7\u00e3o, Jornalismo e Publicidade \u00a92025<\/p>\n","protected":false},"author":2,"featured_media":0,"parent":0,"menu_order":0,"comment_status":"closed","ping_status":"closed","template":"","meta":{"footnotes":""},"class_list":["post-36905","page","type-page","status-publish","hentry","active"],"_links":{"self":[{"href":"https:\/\/altinho.pe.gov.br\/v1\/wp-json\/wp\/v2\/pages\/36905","targetHints":{"allow":["GET"]}}],"collection":[{"href":"https:\/\/altinho.pe.gov.br\/v1\/wp-json\/wp\/v2\/pages"}],"about":[{"href":"https:\/\/altinho.pe.gov.br\/v1\/wp-json\/wp\/v2\/types\/page"}],"author":[{"embeddable":true,"href":"https:\/\/altinho.pe.gov.br\/v1\/wp-json\/wp\/v2\/users\/2"}],"replies":[{"embeddable":true,"href":"https:\/\/altinho.pe.gov.br\/v1\/wp-json\/wp\/v2\/comments?post=36905"}],"version-history":[{"count":12,"href":"https:\/\/altinho.pe.gov.br\/v1\/wp-json\/wp\/v2\/pages\/36905\/revisions"}],"predecessor-version":[{"id":37312,"href":"https:\/\/altinho.pe.gov.br\/v1\/wp-json\/wp\/v2\/pages\/36905\/revisions\/37312"}],"wp:attachment":[{"href":"https:\/\/altinho.pe.gov.br\/v1\/wp-json\/wp\/v2\/media?parent=36905"}],"curies":[{"name":"wp","href":"https:\/\/api.w.org\/{rel}","templated":true}]}}