{"id":36796,"date":"2025-05-29T08:48:21","date_gmt":"2025-05-29T11:48:21","guid":{"rendered":"https:\/\/altinho.pe.gov.br\/v1\/?page_id=36796"},"modified":"2025-05-29T09:02:53","modified_gmt":"2025-05-29T12:02:53","slug":"servicos-secretaria-de-transito-e-transportes","status":"publish","type":"page","link":"https:\/\/altinho.pe.gov.br\/v1\/servicos-secretaria-de-transito-e-transportes\/","title":{"rendered":"Servi\u00e7os \u2013 Secretaria de Tr\u00e2nsito e Transportes"},"content":{"rendered":"\n<p><strong>OBJETIVO:<\/strong> Organizar, fiscalizar e orientar \u00e0s a\u00e7\u00f5es de tr\u00e2nsito e transportes no \u00e2mbito municipal, promovendo seguran\u00e7a e bem-estar \u00e0 popula\u00e7\u00e3o, atrav\u00e9s de a\u00e7\u00f5es conjuntas em colabora\u00e7\u00e3o com as demais Secretarias, como a Secretaria de Educa\u00e7\u00e3o, Sa\u00fade, Administra\u00e7\u00e3o entre outras, visando promover a mobilidade urbana e rural do nosso munic\u00edpio, facilitando a vida, os estudos, a sa\u00fade e o trabalho dos mun\u00edcipes.<\/p>\n\n\n\n<p><strong>FEIRA LIVRE:<\/strong><\/p>\n\n\n\n<p>A Secretaria de tr\u00e2nsito est\u00e1 diretamente respons\u00e1vel pela mobilidade e organiza\u00e7\u00e3o da feira livre, que acontece \u00e0s quartas e s\u00e1bados, em nosso munic\u00edpio. Com o apoio da Guarda Municipal, realizamos o balizamento das vias e o bloqueio parcial do centro da cidade, local onde a feira \u00e9 realizada, de forma a viabilizar uma melhor fluidez e organiza\u00e7\u00e3o, gerando comodidade e dinamismo, o que corrobora com o crescimento do com\u00e9rcio local.<\/p>\n\n\n\n<p><strong>PROGRAMA CAMINHOS DA ESCOLA:<\/strong><\/p>\n\n\n\n<p>O projeto do Governo Federal, Caminhos da Escola, vem garantido o acesso dos estudantes do munic\u00edpio ao Ensino Fundamental oferecido atrav\u00e9s da Secretaria de Educa\u00e7\u00e3o, garantindo inclus\u00e3o e diminuindo cada vez mais os \u00edndices de analfabetismo nas zonas rurais da nossa cidade. Com os nossos amarelinhos, apelido carinhoso para os nossos \u00f4nibus escolares, conseguimos cobrir grande parte dos S\u00edtios e regi\u00f5es rurais com comodidade e seguran\u00e7a para as nossas crian\u00e7as, pois esse \u00e9 o nosso compromisso com o futuro da nossa na\u00e7\u00e3o.<\/p>\n\n\n\n<p><strong>TRANSPORTE T\u00c9CNICO\/UNIVERSIT\u00c1RIO:<\/strong><\/p>\n\n\n\n<p>Em parceria com a Secretaria de Educa\u00e7\u00e3o, promovemos o transporte dos mun\u00edcipes ao Ensino Superior, cobrindo as principais universidades e faculdades, como tamb\u00e9m cursos t\u00e9cnicos e profissionalizantes da cidade de Caruaru, incentivando e apoiando nossos estudantes na busca por uma Gradua\u00e7\u00e3o e titula\u00e7\u00e3o profissional, que \u00e9 de grande valia para a proje\u00e7\u00e3o no mercado de trabalho. De forma sistem\u00e1tica, atrav\u00e9s dos grupos criados em redes sociais e com a elabora\u00e7\u00e3o da carteirinha do estudante, n\u00f3s conseguimos estabelecer hor\u00e1rios de sa\u00edda e organiza\u00e7\u00e3o de listagens contendo os alunos que ir\u00e3o utilizar o servi\u00e7o, de forma a manter o padr\u00e3o no fornecimento do servi\u00e7o, evitando atrasos e comunicando eventualidades que possam surgir, como mudan\u00e7a de itiner\u00e1rio, mudan\u00e7a no motorista, mudan\u00e7a na numera\u00e7\u00e3o do \u00f4nibus entre outros.<\/p>\n\n\n\n<p><strong>MOBILIDADE URBANA:<\/strong><\/p>\n\n\n\n<p>Em parceria com \u00f3rg\u00e3os como o <strong>DETRAN, CETRAN, DNIT<\/strong> e nossa Guarda Municipal, estamos constantemente monitorando a forma como a nossa cidade est\u00e1 expandindo, realizando um estudo estrat\u00e9gico para a implementa\u00e7\u00e3o de novas diretrizes para o tr\u00e2nsito, que v\u00e3o desde a instala\u00e7\u00e3o de um sistema de monitoramento em tempo real, sinaliza\u00e7\u00f5es horizontais e verticais para orienta\u00e7\u00e3o do tr\u00e2nsito, at\u00e9 o moto patrulhamento ostensivo, que ter\u00e1 comunica\u00e7\u00e3o via r\u00e1dio, com a central, para acompanhar, fiscalizar e intervir nas a\u00e7\u00f5es que possam gerar bloqueio de vias de forma indevida, ou at\u00e9 mesmo acidentes, realizando a devida apura\u00e7\u00e3o da infra\u00e7\u00e3o, visando a responsabilidade civil do autor do fato, impendendo assim uma poss\u00edvel vias de fato, garantindo mais seguran\u00e7a e coibindo a impunidade.<\/p>\n\n\n\n<p><strong>CONTROLE DE ABASTECIMENTO:<\/strong><\/p>\n\n\n\n<p>Por meio da Diretoria de combust\u00edveis, a Secretaria de Tr\u00e2nsito e Transportes exerce o controle direto do abastecimento dos ve\u00edculos que atuam no \u00e2mbito da Prefeitura Municipal. Devidamente adesivados, os ve\u00edculos s\u00e3o conduzidos ao posto para efetuar o abastecimento, que segue um rigoroso controle do Diretor de Combust\u00edveis, o qual elabora, mensalmente, uma planilha de presta\u00e7\u00e3o de contas atualizada, prezando sempre pelos princ\u00edpios da Efici\u00eancia e Transpar\u00eancia que norteiam os atos da Administra\u00e7\u00e3o P\u00fablica.<\/p>\n\n\n\n<p><strong>CONTROLE DE MANUTEN\u00c7\u00c3O E CONSERVA\u00c7\u00c3O:<\/strong><\/p>\n\n\n\n<p>Nossa Secretaria est\u00e1 diretamente respons\u00e1vel pelo controle das manuten\u00e7\u00f5es dos ve\u00edculos e maquin\u00e1rios sob sua responsabilidade, bem como executa a\u00e7\u00f5es de fiscaliza\u00e7\u00e3o visando manter a conserva\u00e7\u00e3o do bem p\u00fablico. A garagem disp\u00f5e de uma lavadora de alta press\u00e3o, aquisi\u00e7\u00e3o feita pela gest\u00e3o atual e que \u00e9 utilizada na higieniza\u00e7\u00e3o semanal dos \u00f4nibus e demais transportes utilizados no dia a dia, garantindo mais conforto e qualidade nos servi\u00e7os prestados, al\u00e9m de demonstrar compromisso com a conserva\u00e7\u00e3o e zelo pelos bens \u00e0 disposi\u00e7\u00e3o da popula\u00e7\u00e3o. Ademais, h\u00e1 um mec\u00e2nico contratado pela Prefeitura Municipal que realiza os reparos e diagn\u00f3sticos preventivos cotidianamente, como tamb\u00e9m h\u00e1 uma empresa vencedora do processo licitat\u00f3rio respons\u00e1vel por realizar a manuten\u00e7\u00e3o em nossa frota veicular.<\/p>\n\n\n\n<p><strong>REGULARIZA\u00c7\u00c3O DOS VE\u00cdCULOS DE ALUGUEL:<\/strong><\/p>\n\n\n\n<p>Uma inova\u00e7\u00e3o da gest\u00e3o atual foi realocar o servi\u00e7o de atualiza\u00e7\u00e3o e concess\u00e3o dos benef\u00edcios aos ve\u00edculos utilizados como t\u00e1xis e alugu\u00e9is \u00e0 nossa Secretaria, que est\u00e1 realizando os servi\u00e7os de acordo com as diretrizes do DETRAN-PE, obedecendo rigorosamente as regras para a concess\u00e3o de tais benef\u00edcios.<\/p>\n\n\n\n<p><strong>COMPROMISSO COM RESPONSABILIDADE:<\/strong><\/p>\n\n\n\n<p>Toda a frota sob responsabilidade da Secretaria de Tr\u00e2nsito e Transportes, ap\u00f3s a posse da nova gest\u00e3o, est\u00e1 devidamente em dias com as taxas de IPVA, bem como realizou o pagamento das multas existentes, demonstrando respeito \u00e0s Leis de tr\u00e2nsito, como tamb\u00e9m garantindo o Direito de cobrar do cidad\u00e3o que esteja em dias com suas obriga\u00e7\u00f5es legalmente impostas, uma vez que a Lei foi feita para TODOS, devendo ser respeitada tamb\u00e9m pelos entes federativos. Esse \u00e9 o compromisso da nossa Secretaria com \u00e0 popula\u00e7\u00e3o, com os nossos servidores e com \u00e0s Leis que regem nosso ordenamento jur\u00eddico, garantindo que nossos servidores possam trafegar com tranquilidade, obedecendo sempre os limites e sinaliza\u00e7\u00f5es de tr\u00e2nsito.<\/p>\n","protected":false},"excerpt":{"rendered":"<p>OBJETIVO: Organizar, fiscalizar e orientar \u00e0s a\u00e7\u00f5es de tr\u00e2nsito e transportes no \u00e2mbito municipal, promovendo seguran\u00e7a e bem-estar \u00e0 popula\u00e7\u00e3o, atrav\u00e9s de a\u00e7\u00f5es conjuntas em colabora\u00e7\u00e3o com as demais Secretarias, como a <a class=\"leiamais\" href=\"https:\/\/altinho.pe.gov.br\/v1\/servicos-secretaria-de-transito-e-transportes\/\">LEIA MAIS <i class=\"fa fa-angle-double-right\" aria-hidden=\"true\"><\/i><br \/>\n<\/a><\/p>\n","protected":false},"author":2,"featured_media":36799,"parent":0,"menu_order":0,"comment_status":"closed","ping_status":"closed","template":"page-carta-interna.php","meta":{"footnotes":""},"class_list":["post-36796","page","type-page","status-publish","has-post-thumbnail","hentry","active"],"_links":{"self":[{"href":"https:\/\/altinho.pe.gov.br\/v1\/wp-json\/wp\/v2\/pages\/36796","targetHints":{"allow":["GET"]}}],"collection":[{"href":"https:\/\/altinho.pe.gov.br\/v1\/wp-json\/wp\/v2\/pages"}],"about":[{"href":"https:\/\/altinho.pe.gov.br\/v1\/wp-json\/wp\/v2\/types\/page"}],"author":[{"embeddable":true,"href":"https:\/\/altinho.pe.gov.br\/v1\/wp-json\/wp\/v2\/users\/2"}],"replies":[{"embeddable":true,"href":"https:\/\/altinho.pe.gov.br\/v1\/wp-json\/wp\/v2\/comments?post=36796"}],"version-history":[{"count":1,"href":"https:\/\/altinho.pe.gov.br\/v1\/wp-json\/wp\/v2\/pages\/36796\/revisions"}],"predecessor-version":[{"id":36797,"href":"https:\/\/altinho.pe.gov.br\/v1\/wp-json\/wp\/v2\/pages\/36796\/revisions\/36797"}],"wp:featuredmedia":[{"embeddable":true,"href":"https:\/\/altinho.pe.gov.br\/v1\/wp-json\/wp\/v2\/media\/36799"}],"wp:attachment":[{"href":"https:\/\/altinho.pe.gov.br\/v1\/wp-json\/wp\/v2\/media?parent=36796"}],"curies":[{"name":"wp","href":"https:\/\/api.w.org\/{rel}","templated":true}]}}