{"id":35349,"date":"2025-03-13T15:51:50","date_gmt":"2025-03-13T18:51:50","guid":{"rendered":"https:\/\/altinho.pe.gov.br\/v1\/?page_id=35349"},"modified":"2025-03-13T16:26:49","modified_gmt":"2025-03-13T19:26:49","slug":"secretaria-de-desenvolvimento-social-e-infancia","status":"publish","type":"page","link":"https:\/\/altinho.pe.gov.br\/v1\/secretaria-de-desenvolvimento-social-e-infancia\/","title":{"rendered":"Secretaria de Desenvolvimento Social e Inf\u00e2ncia"},"content":{"rendered":"\n<p><a href=\"https:\/\/altinho.pe.gov.br\/v1\/wp-content\/uploads\/2025\/03\/ISIS-1-scaled.jpg\"><img loading=\"lazy\" decoding=\"async\" class=\"img-responsive alignleft wp-image-8083\" style=\"margin: 0px 10px 0px 0px;\" src=\"https:\/\/altinho.pe.gov.br\/v1\/wp-content\/uploads\/2025\/03\/ISIS-1-scaled.jpg\" alt=\"\" width=\"326\" height=\"435\"><\/a><strong>SECRET\u00c1RIA:<\/strong> Isis Catherine Veiga Monteiro<br \/>\n<strong>DATA DE NASCIMENTO:<\/strong> 07\/07\/1979<br \/>\n<strong>NATURALIDADE:<\/strong> Recife \u2013 PE<\/p>\n<p><strong>PERFIL PROFISSIONAL DO SECRET\u00c1RIA:<\/strong> Isis Monteiro cursa Gest\u00e3o P\u00fablica (superior) e tem uma longa trajet\u00f3ria na atua\u00e7\u00e3o em diversas \u00e1reas p\u00fablicas do munic\u00edpio de Altinho. Filha de Maria Marinez e Jos\u00e9 Marques, Isis \u00e9 casada com Orlando Jos\u00e9 e m\u00e3e de Jo\u00e3o Lucas. Exerceu o cargo de Secret\u00e1ria de Desenvolvimento Social na gest\u00e3o anterior (2019-2024), dando continuidade ao seu trabalho na nova Administra\u00e7\u00e3o Municipal (2025-2028).<\/p>\n<p><strong>Compete \u00e0 Secretaria Municipal de Desenvolvimento Social e Inf\u00e2ncia, subordinada diretamente ao Chefe do Executivo Municipal: Articular, planejar, coordenar, controlar, propor e executar as atividades das pol\u00edticas p\u00fablicas para as \u00e1reas de cidadania e qualidade de vida, inclusive a gest\u00e3o de equipamentos p\u00fablicos com tais finalidades, visando o desenvolvimento social do munic\u00edpio e garantia dos direitos fundamentais da pessoa. Planejar e executar atividades como \u00f3rg\u00e3o gestor municipal do Sistema \u00danico de Assist\u00eancia Social &#8211; SUAS e do Sistema Nacional de Atendimento Socioeducativo &#8211; SINASE. Planejar e executar a\u00e7\u00f5es de promo\u00e7\u00e3o da redu\u00e7\u00e3o da vulnerabilidade social. A gest\u00e3o de programas habitacionais para atendimentos de pessoas em estado de vulnerabilidade, inclusive em articula\u00e7\u00e3o com outras esferas de governo. Promover atividades correlatas para redu\u00e7\u00e3o da desigualdade social no munic\u00edpio. Organizar e coordenar os servi\u00e7os de assist\u00eancia social no munic\u00edpio, incluindo os Centros de Refer\u00eancia de Assist\u00eancia Social (CRAS) e os\nCentros de Refer\u00eancia Especializados de Assist\u00eancia Social (CREAS). Promover a articula\u00e7\u00e3o entre os servi\u00e7os de sa\u00fade, educa\u00e7\u00e3o, seguran\u00e7a e assist\u00eancia social para atender as necessidades de fam\u00edlias e indiv\u00edduos em risco. Coordenar a\u00e7\u00f5es para garantir os direitos das crian\u00e7as e adolescentes, com foco na preven\u00e7\u00e3o e enfrentamento do trabalho infantil, abuso, neglig\u00eancia e explora\u00e7\u00e3o sexual. Articular programas de educa\u00e7\u00e3o e forma\u00e7\u00e3o para crian\u00e7as e jovens em situa\u00e7\u00e3o de risco e vulnerabilidade. Promover a conviv\u00eancia familiar e comunit\u00e1ria, bem como o acolhimento institucional e familiar, quando necess\u00e1rio. Criar e gerir programas de acolhimento e apoio psicol\u00f3gico para v\u00edtimas de viol\u00eancia, com foco em crian\u00e7as, adolescentes e suas fam\u00edlias. Trabalhar em conjunto com a rede de prote\u00e7\u00e3o social, incluindo o Conselho Tutelar, Minist\u00e9rio P\u00fablico e outras entidades, para assegurar a integridade f\u00edsica e psicol\u00f3gica dos menores. Coordenar a implementa\u00e7\u00e3o de programas de transfer\u00eancia de renda, como o Bolsa Fam\u00edlia, Benef\u00edcio de Presta\u00e7\u00e3o Continuada (BPC) e\noutros benef\u00edcios assistenciais. Monitorar a elegibilidade e a efetividade dos benef\u00edcios assistenciais, garantindo a inclus\u00e3o social e a redu\u00e7\u00e3o das desigualdades econ\u00f4micas. Garantir a transpar\u00eancia e presta\u00e7\u00e3o de contas das a\u00e7\u00f5es e recursos utilizados pela Secretaria. Al\u00e9m dos departamentos citados, integra a estrutura da Secretaria Municipal de Desenvolvimento Social e Inf\u00e2ncia, o Conselho Tutelar do Munic\u00edpio de Altinho.<\/strong><\/p>\n<p>&nbsp;<\/p>\n<p>Secretaria Municipal de Desenvolvimento Social e Inf\u00e2ncia do Altinho<br \/>\nPra\u00e7a Dr. Jos\u00e9 Ferreira de Lima, 74 \u2013 Centro | Altinho \u2013 PE | CEP 55.490-000<br \/>\nHor\u00e1rio de Atendimento ao P\u00fablico: 07:30h \u00e0s 13:00h<br \/>\nContato: (81) 3739-1118<br \/>\ne-Mail: sec.sds@altinho.pe.gov.br<br \/>\n<img loading=\"lazy\" decoding=\"async\" class=\"img-responsive alignnone wp-image-7962 size-large\" src=\"https:\/\/altinho.pe.gov.br\/v1\/wp-content\/uploads\/2018\/01\/linhas-1-750x29.png\" alt=\"\" width=\"750\" height=\"29\" srcset=\"https:\/\/altinho.pe.gov.br\/v1\/wp-content\/uploads\/2018\/01\/linhas-1-750x29.png 750w, https:\/\/altinho.pe.gov.br\/v1\/wp-content\/uploads\/2018\/01\/linhas-1-150x6.png 150w, https:\/\/altinho.pe.gov.br\/v1\/wp-content\/uploads\/2018\/01\/linhas-1-300x12.png 300w, https:\/\/altinho.pe.gov.br\/v1\/wp-content\/uploads\/2018\/01\/linhas-1-768x30.png 768w, https:\/\/altinho.pe.gov.br\/v1\/wp-content\/uploads\/2018\/01\/linhas-1.png 798w\" sizes=\"auto, (max-width: 750px) 100vw, 750px\" \/><\/p>\n\n\n\n<p><\/p>\n","protected":false},"excerpt":{"rendered":"<p>SECRET\u00c1RIA: Isis Catherine Veiga Monteiro DATA DE NASCIMENTO: 07\/07\/1979 NATURALIDADE: Recife \u2013 PE PERFIL PROFISSIONAL DO SECRET\u00c1RIA: Isis Monteiro cursa Gest\u00e3o P\u00fablica (superior) e tem uma longa trajet\u00f3ria na atua\u00e7\u00e3o em diversas <a class=\"leiamais\" href=\"https:\/\/altinho.pe.gov.br\/v1\/secretaria-de-desenvolvimento-social-e-infancia\/\">LEIA MAIS <i class=\"fa fa-angle-double-right\" aria-hidden=\"true\"><\/i><br \/>\n<\/a><\/p>\n","protected":false},"author":2,"featured_media":0,"parent":0,"menu_order":0,"comment_status":"closed","ping_status":"closed","template":"","meta":{"footnotes":""},"class_list":["post-35349","page","type-page","status-publish","hentry","active"],"_links":{"self":[{"href":"https:\/\/altinho.pe.gov.br\/v1\/wp-json\/wp\/v2\/pages\/35349","targetHints":{"allow":["GET"]}}],"collection":[{"href":"https:\/\/altinho.pe.gov.br\/v1\/wp-json\/wp\/v2\/pages"}],"about":[{"href":"https:\/\/altinho.pe.gov.br\/v1\/wp-json\/wp\/v2\/types\/page"}],"author":[{"embeddable":true,"href":"https:\/\/altinho.pe.gov.br\/v1\/wp-json\/wp\/v2\/users\/2"}],"replies":[{"embeddable":true,"href":"https:\/\/altinho.pe.gov.br\/v1\/wp-json\/wp\/v2\/comments?post=35349"}],"version-history":[{"count":11,"href":"https:\/\/altinho.pe.gov.br\/v1\/wp-json\/wp\/v2\/pages\/35349\/revisions"}],"predecessor-version":[{"id":35363,"href":"https:\/\/altinho.pe.gov.br\/v1\/wp-json\/wp\/v2\/pages\/35349\/revisions\/35363"}],"wp:attachment":[{"href":"https:\/\/altinho.pe.gov.br\/v1\/wp-json\/wp\/v2\/media?parent=35349"}],"curies":[{"name":"wp","href":"https:\/\/api.w.org\/{rel}","templated":true}]}}