{"id":35008,"date":"2025-02-21T10:14:49","date_gmt":"2025-02-21T13:14:49","guid":{"rendered":"https:\/\/altinho.pe.gov.br\/v1\/?page_id=35008"},"modified":"2025-03-13T12:01:41","modified_gmt":"2025-03-13T15:01:41","slug":"oisc","status":"publish","type":"page","link":"https:\/\/altinho.pe.gov.br\/v1\/oisc\/","title":{"rendered":""},"content":{"rendered":"\n<figure class=\"wp-block-gallery has-nested-images columns-4 wp-block-gallery-1 is-layout-flex wp-block-gallery-is-layout-flex\">\n<figure class=\"wp-block-image size-full is-style-default\"><a href=\"https:\/\/altinho.pe.gov.br\/v1\/identidade-estrategica\/\"><img loading=\"lazy\" decoding=\"async\" width=\"132\" height=\"56\" data-id=\"35044\" src=\"https:\/\/altinho.pe.gov.br\/v1\/wp-content\/uploads\/2025\/02\/LINK1-Copia-1.png\" alt=\"\" class=\"wp-image-35044\"\/><\/a><\/figure>\n\n\n\n<figure class=\"wp-block-image size-full is-style-default\"><a href=\"https:\/\/altinho.pe.gov.br\/v1\/metodologia-principios-e-competencias\/\"><img loading=\"lazy\" decoding=\"async\" width=\"132\" height=\"56\" data-id=\"35040\" src=\"https:\/\/altinho.pe.gov.br\/v1\/wp-content\/uploads\/2025\/02\/LINK1-Copia-2-2.png\" alt=\"\" class=\"wp-image-35040\"\/><\/a><\/figure>\n\n\n\n<figure class=\"wp-block-image size-full is-style-default\"><a href=\"https:\/\/altinho.pe.gov.br\/v1\/observatorio-de-prevencao-a-violencia-nas-escolas\/\"><img loading=\"lazy\" decoding=\"async\" width=\"132\" height=\"56\" data-id=\"35038\" src=\"https:\/\/altinho.pe.gov.br\/v1\/wp-content\/uploads\/2025\/02\/LINK1-Copia-3-1.png\" alt=\"\" class=\"wp-image-35038\"\/><\/a><\/figure>\n\n\n\n<figure class=\"wp-block-image size-full is-style-default\"><a href=\"https:\/\/altinho.pe.gov.br\/v1\/fale-conosco\/\"><img loading=\"lazy\" decoding=\"async\" width=\"132\" height=\"56\" data-id=\"35048\" src=\"https:\/\/altinho.pe.gov.br\/v1\/wp-content\/uploads\/2025\/02\/LINK1-1.png\" alt=\"\" class=\"wp-image-35048\"\/><\/a><\/figure>\n<\/figure>\n\n\n\n<h1 class=\"wp-block-heading\">OISC &#8211; OBSERVAT\u00d3RIO DE INTELIG\u00caNCIA EM SEGURAN\u00c7A CIDAD\u00c3 (P\u00c1GINA EM CONSTRU\u00c7\u00c3O)<\/h1>\n\n\n\n<p>O observat\u00f3rio de Intelig\u00eancia em Seguran\u00e7a Cidad\u00e3 de Altinho \u00e9 uma iniciativa da Secretaria de Governo, Planejamento e Seguran\u00e7a Cidad\u00e3, que possui como objetivo monitorar a conjuntura da seguran\u00e7a no \u00e2mbito municipal, seu contexto local, regional. Fundamentalmente, sua infraestrutura \u00e9 digital, incorporada a infra f\u00edsica, sito ao endere\u00e7o da pr\u00f3pria Secretaria de Seguran\u00e7a Cidad\u00e3. Trata-se de mais uma iniciativa do programa municipal de preven\u00e7\u00e3o \u00e0 viol\u00eancia TODOS PELA PAZ.<\/p>\n\n\n\n<p>Encontra-se vinculado a ele o Observat\u00f3rio de Preven\u00e7\u00e3o \u00e0 Viol\u00eancia nas Escolas, integrado ao projeto VIVER BEM NA ESCOLA.<\/p>\n\n\n\n<p><strong>QUEM SOMOS ?<\/strong><\/p>\n\n\n\n<p>Observat\u00f3rio de Intelig\u00eancia em Seguran\u00e7a Cidad\u00e3 de Altinho \u2013 OISC atua com o desenvolvimento de diagn\u00f3stico preciso, fundamentado na produ\u00e7\u00e3o do conhecimento, baseado na an\u00e1lise de dados estat\u00edsticos, socioecon\u00f4micos e outros necess\u00e1rios como a produ\u00e7\u00e3o de informa\u00e7\u00f5es estrat\u00e9gicas, para fins de tomadas de decis\u00f5es, mediante as agendas do GGIM, dentre outros fins.<\/p>\n\n\n\n<p>N\u00facleo de estudos e pesquisas na \u00e1rea de seguran\u00e7a cidad\u00e3, voltado para a realidade da seguran\u00e7a p\u00fablica cidad\u00e3, no munic\u00edpio de Altinho, em seu contexto local, regional e estadual.<\/p>\n","protected":false},"excerpt":{"rendered":"<p>OISC &#8211; OBSERVAT\u00d3RIO DE INTELIG\u00caNCIA EM SEGURAN\u00c7A CIDAD\u00c3 (P\u00c1GINA EM CONSTRU\u00c7\u00c3O) O observat\u00f3rio de Intelig\u00eancia em Seguran\u00e7a Cidad\u00e3 de Altinho \u00e9 uma iniciativa da Secretaria de Governo, Planejamento e Seguran\u00e7a Cidad\u00e3, que <a class=\"leiamais\" href=\"https:\/\/altinho.pe.gov.br\/v1\/oisc\/\">LEIA MAIS <i class=\"fa fa-angle-double-right\" aria-hidden=\"true\"><\/i><br \/>\n<\/a><\/p>\n","protected":false},"author":2,"featured_media":0,"parent":0,"menu_order":0,"comment_status":"closed","ping_status":"closed","template":"","meta":{"footnotes":""},"class_list":["post-35008","page","type-page","status-publish","hentry","active"],"_links":{"self":[{"href":"https:\/\/altinho.pe.gov.br\/v1\/wp-json\/wp\/v2\/pages\/35008","targetHints":{"allow":["GET"]}}],"collection":[{"href":"https:\/\/altinho.pe.gov.br\/v1\/wp-json\/wp\/v2\/pages"}],"about":[{"href":"https:\/\/altinho.pe.gov.br\/v1\/wp-json\/wp\/v2\/types\/page"}],"author":[{"embeddable":true,"href":"https:\/\/altinho.pe.gov.br\/v1\/wp-json\/wp\/v2\/users\/2"}],"replies":[{"embeddable":true,"href":"https:\/\/altinho.pe.gov.br\/v1\/wp-json\/wp\/v2\/comments?post=35008"}],"version-history":[{"count":16,"href":"https:\/\/altinho.pe.gov.br\/v1\/wp-json\/wp\/v2\/pages\/35008\/revisions"}],"predecessor-version":[{"id":35348,"href":"https:\/\/altinho.pe.gov.br\/v1\/wp-json\/wp\/v2\/pages\/35008\/revisions\/35348"}],"wp:attachment":[{"href":"https:\/\/altinho.pe.gov.br\/v1\/wp-json\/wp\/v2\/media?parent=35008"}],"curies":[{"name":"wp","href":"https:\/\/api.w.org\/{rel}","templated":true}]}}