{"id":34384,"date":"2025-01-21T10:06:56","date_gmt":"2025-01-21T13:06:56","guid":{"rendered":"http:\/\/altinho.pe.gov.br\/v1\/?page_id=34384"},"modified":"2025-01-21T10:14:32","modified_gmt":"2025-01-21T13:14:32","slug":"secretaria-de-transito-e-transportes","status":"publish","type":"page","link":"https:\/\/altinho.pe.gov.br\/v1\/secretaria-de-transito-e-transportes\/","title":{"rendered":"Secretaria de Tr\u00e2nsito e Transportes"},"content":{"rendered":"\n<p><a href=\"https:\/\/altinho.pe.gov.br\/v1\/wp-content\/uploads\/2025\/01\/MARQUINHOS-1-scaled.jpg\"><img loading=\"lazy\" decoding=\"async\" class=\"img-responsive alignleft\" style=\"margin: 0px 10px 0px 0px;\" src=\"https:\/\/altinho.pe.gov.br\/v1\/wp-content\/uploads\/2025\/01\/MARQUINHOS-1-scaled.jpg\" alt=\"\" width=\"370\" height=\"493\" \/><\/a><strong>SECRET\u00c1RIO:<\/strong> Marcos Paulo Mendes Lira<br \/><strong>DATA DE NASCIMENTO:<\/strong> 19\/10\/1979<br \/><strong>NATURALIDADE:<\/strong> Caruaru \u2013 PE<\/p>\n<p><strong>PERFIL PROFISSIONAL DO SECRET\u00c1RIO: <\/strong>Marcos Paulo \u00e9 funcion\u00e1rio p\u00fablico concursado da Prefeitura do altinho como motorista. Exerceu os cargos de: Assessor Especial de Gabinete do Prefeito, Diretor de Compras, Diretor do Posto de Detran local e Diretor de Transportes da Secretaria de Sa\u00fade. Marquinhos tamb\u00e9m \u00e9 Funcion\u00e1rio da Unimed.<\/p>\n\n<p><strong>A Secretaria de Tr\u00e2nsito e Transportes \u00e9 respons\u00e1vel por planejar, coordenar, supervisionar, normatizar, controlar e avaliar as atividades de tr\u00e2nsito e transportes. As atribui\u00e7\u00f5es da Secretaria de Tr\u00e2nsito e Transportes incluem:\nGerir, fiscalizar, estudar, integrar, supervisionar e controlar os transportes coletivos e individuais da frota municipal, organizar e disciplinar o tr\u00e2nsito municipal, controlar, gerir e manter os ve\u00edculos, m\u00e1quinas e equipamentos que comp\u00f5em a frota municipal al\u00e9m de participar de projetos e programas de educa\u00e7\u00e3o e seguran\u00e7a do tr\u00e2nsito.<\/strong><\/p>\n<p>Secretaria Municipal de Tr\u00e2nsito e Transportes do Altinho<br \/>Rua Dr. Nestor Varej\u00e3o, 51 &#8211; Centro | Altinho &#8211; PE | CEP 55.490-000<br \/>Hor\u00e1rio de Atendimento ao P\u00fablico: 07:30h \u00e0s 13:00h<br \/>Contato: (81) 3739-1118<br \/>e-Mail: transportes@altinho.pe.gov.br<br \/><img loading=\"lazy\" decoding=\"async\" class=\"img-responsive alignnone wp-image-7962 size-large\" src=\"https:\/\/altinho.pe.gov.br\/v1\/wp-content\/uploads\/2018\/01\/linhas-1-750x29.png\" alt=\"\" width=\"750\" height=\"29\" srcset=\"https:\/\/altinho.pe.gov.br\/v1\/wp-content\/uploads\/2018\/01\/linhas-1-750x29.png 750w, https:\/\/altinho.pe.gov.br\/v1\/wp-content\/uploads\/2018\/01\/linhas-1-150x6.png 150w, https:\/\/altinho.pe.gov.br\/v1\/wp-content\/uploads\/2018\/01\/linhas-1-300x12.png 300w, https:\/\/altinho.pe.gov.br\/v1\/wp-content\/uploads\/2018\/01\/linhas-1-768x30.png 768w, https:\/\/altinho.pe.gov.br\/v1\/wp-content\/uploads\/2018\/01\/linhas-1.png 798w\" sizes=\"auto, (max-width: 750px) 100vw, 750px\" \/><\/p>\n\n\n\n<p><\/p>\n","protected":false},"excerpt":{"rendered":"<p>SECRET\u00c1RIO: Marcos Paulo Mendes LiraDATA DE NASCIMENTO: 19\/10\/1979NATURALIDADE: Caruaru \u2013 PE PERFIL PROFISSIONAL DO SECRET\u00c1RIO: Marcos Paulo \u00e9 funcion\u00e1rio p\u00fablico concursado da Prefeitura do altinho como motorista. Exerceu os cargos de: Assessor <a class=\"leiamais\" href=\"https:\/\/altinho.pe.gov.br\/v1\/secretaria-de-transito-e-transportes\/\">LEIA MAIS <i class=\"fa fa-angle-double-right\" aria-hidden=\"true\"><\/i><br \/>\n<\/a><\/p>\n","protected":false},"author":2,"featured_media":0,"parent":0,"menu_order":0,"comment_status":"closed","ping_status":"closed","template":"","meta":{"footnotes":""},"class_list":["post-34384","page","type-page","status-publish","hentry","active"],"_links":{"self":[{"href":"https:\/\/altinho.pe.gov.br\/v1\/wp-json\/wp\/v2\/pages\/34384","targetHints":{"allow":["GET"]}}],"collection":[{"href":"https:\/\/altinho.pe.gov.br\/v1\/wp-json\/wp\/v2\/pages"}],"about":[{"href":"https:\/\/altinho.pe.gov.br\/v1\/wp-json\/wp\/v2\/types\/page"}],"author":[{"embeddable":true,"href":"https:\/\/altinho.pe.gov.br\/v1\/wp-json\/wp\/v2\/users\/2"}],"replies":[{"embeddable":true,"href":"https:\/\/altinho.pe.gov.br\/v1\/wp-json\/wp\/v2\/comments?post=34384"}],"version-history":[{"count":11,"href":"https:\/\/altinho.pe.gov.br\/v1\/wp-json\/wp\/v2\/pages\/34384\/revisions"}],"predecessor-version":[{"id":34401,"href":"https:\/\/altinho.pe.gov.br\/v1\/wp-json\/wp\/v2\/pages\/34384\/revisions\/34401"}],"wp:attachment":[{"href":"https:\/\/altinho.pe.gov.br\/v1\/wp-json\/wp\/v2\/media?parent=34384"}],"curies":[{"name":"wp","href":"https:\/\/api.w.org\/{rel}","templated":true}]}}