{"id":28645,"date":"2023-08-03T15:59:54","date_gmt":"2023-08-03T18:59:54","guid":{"rendered":"https:\/\/altinho.pe.gov.br\/v1\/?page_id=28645"},"modified":"2023-08-03T16:00:49","modified_gmt":"2023-08-03T19:00:49","slug":"perguntas-frequentes-faq","status":"publish","type":"page","link":"https:\/\/altinho.pe.gov.br\/v1\/perguntas-frequentes-faq\/","title":{"rendered":"Perguntas Frequentes &#8211; FAQ"},"content":{"rendered":"<ol>\n<li><strong>Qual o hor\u00e1rio de atendimento da Prefeitura?<\/strong><\/li>\n<\/ol>\n<p>A Prefeitura funciona de segunda \u00e0 sexta, das 07h \u00e0s 13h.<\/p>\n<p>&nbsp;<\/p>\n<ol start=\"2\">\n<li><strong>Como devo proceder em caso de d\u00favida no valor do meu IPTU?<\/strong><\/li>\n<\/ol>\n<p>Procurar o Departamento de Tributos, localizado no Pr\u00e9dio da Prefeitura Municipal.<\/p>\n<p>&nbsp;<\/p>\n<ol start=\"3\">\n<li><strong>O IPTU em&nbsp;atraso&nbsp;pode&nbsp;ser parcelado?<\/strong><\/li>\n<\/ol>\n<p>Sim, \u00e9 poss\u00edvel o parcelamento, para tanto, procure o Departamento de Tributos na Sede da Prefeitura.<\/p>\n<p>&nbsp;<\/p>\n<ol start=\"4\">\n<li><strong>O que \u00e9&nbsp;ISSQN?<\/strong><\/li>\n<\/ol>\n<p>\u00c9 um imposto recolhido mensalmente em raz\u00e3o da presta\u00e7\u00e3o de um servi\u00e7o definido na lista estabelecida pela Lei Complementar Nacional n\u00ba 116\/03. No caso do trabalhador aut\u00f4nomo o recolhimento \u00e9 anual.<\/p>\n<p>&nbsp;<\/p>\n<ol start=\"5\">\n<li><strong>Como&nbsp;acionar&nbsp;a&nbsp;Ouvidoria?<\/strong><\/li>\n<\/ol>\n<p>Voc\u00ea pode acion\u00e1-la de forma presencial na Prefeitura Municipal, ou atrav\u00e9s do nosso site: <a href=\"http:\/\/www.altinho.pe.gov.br\">www.altinho.pe.gov.br<\/a> ou portal da transpar\u00eancia do nosso munic\u00edpio.<\/p>\n<p>&nbsp;<\/p>\n<ol start=\"6\">\n<li><strong>Como solicitar a CND (Certid\u00e3o negativa de D\u00e9bitos)?<\/strong><\/li>\n<\/ol>\n<p>Procurar o Departamento de Tributos, localizado no Pr\u00e9dio da Prefeitura Municipal, se o contribuinte estiver adimplente, poder\u00e1 solicitar no site da Prefeitura, campo \u201cServi\u00e7os\u201d.<\/p>\n<p>&nbsp;<\/p>\n<ol start=\"7\">\n<li><strong>Como fa\u00e7o para denunciar uma irregularidade?<\/strong><\/li>\n<\/ol>\n<p>Para realizar uma den\u00fancia, sugest\u00e3o, elogio ou d\u00favida, acesse a op\u00e7\u00e3o Ouvidoria Municipal no nosso site ou Portal da Transpar\u00eancia. \u00c9 f\u00e1cil, simples e r\u00e1pido, e assim que for recebida a mensagem, ser\u00e3o dados in\u00edcios aos procedimentos internos de an\u00e1lise, para melhor tomada de decis\u00e3o.<\/p>\n<p>&nbsp;<\/p>\n<ol start=\"8\">\n<li><strong>Como acesso o Portal da Transpar\u00eancia da Prefeitura?<\/strong><\/li>\n<\/ol>\n<p>Na barra superior do site, atrav\u00e9s do menu \u201cTranspar\u00eancia P\u00fablica\u201d, o nosso website fornece o link para a se\u00e7\u00e3o do Portal da Transpar\u00eancia da Prefeitura. Basta clicar e acessar.<\/p>\n<p>&nbsp;<\/p>\n<ol start=\"9\">\n<li><strong>O que \u00e9 o Portal da Transpar\u00eancia?<\/strong><\/li>\n<\/ol>\n<p>O Portal da Transpar\u00eancia \u00e9 um portal formado por Unidades Jurisdicionadas que cont\u00e9m informa\u00e7\u00f5es acerca das a\u00e7\u00f5es governamentais, execu\u00e7\u00e3o or\u00e7ament\u00e1ria e financeira (receitas e despesas), movimento extraor\u00e7ament\u00e1rio, dentre outras informa\u00e7\u00f5es de interesse do cidad\u00e3o.<\/p>\n<p>&nbsp;<\/p>\n<ol start=\"10\">\n<li><strong> Por que o Portal de Transpar\u00eancia foi criado?<\/strong><\/li>\n<\/ol>\n<p>Para atender a demanda de informa\u00e7\u00f5es sobre gest\u00e3o p\u00fablica, bem como cumprir as determina\u00e7\u00f5es constitucionais, visando \u00e0 transpar\u00eancia das contas p\u00fablicas e atendendo \u00e0 Lei Complementar n\u00b0 131, de 27 de maio de 2009, e o Decreto Federal n\u00b0 7185, de 27 de maio de 2010, al\u00e9m de promover o acesso amplo e objetivo aos dados da aplica\u00e7\u00e3o dos recursos p\u00fablicos municipais. Atrav\u00e9s dele, os cidad\u00e3os podem acompanhar a gest\u00e3o das finan\u00e7as da administra\u00e7\u00e3o direta e indireta. Assim, \u00e9 poss\u00edvel acompanhar a destina\u00e7\u00e3o dos recursos arrecadados, provenientes em grande parte dos impostos pagos pelos contribuintes.<\/p>\n<p>&nbsp;<\/p>\n<ul>\n<li><strong>O que o cidad\u00e3o pode consultar nesse Portal da Transpar\u00eancia?<\/strong><\/li>\n<\/ul>\n<p>A consulta d\u00e1 cumprimento ao disposto na Lei Complementar n.\u00ba 131, de 27 de maio de 2009, que trata da divulga\u00e7\u00e3o, em tempo real, de informa\u00e7\u00f5es pormenorizadas sobre a execu\u00e7\u00e3o or\u00e7ament\u00e1ria e financeira dos \u00f3rg\u00e3os p\u00fablicos. Por meio da pesquisa, \u00e9 poss\u00edvel, detalhar todos os documentos emitidos pelas unidades gestoras dos Poderes Executivo e Legislativo no decorrer da execu\u00e7\u00e3o das suas despesas, inclusive, pela fase em que a despesa est\u00e1: empenho, liquida\u00e7\u00e3o e pagamento.<\/p>\n<p>&nbsp;<\/p>\n<ul>\n<li><strong>Qual a origem dos dados dessa consulta?<\/strong><\/li>\n<\/ul>\n<p>Os dados que alimentam a consulta s\u00e3o fornecidos pelo Servi\u00e7o de Contabilidade da Entidade P\u00fablica e extra\u00eddos dos Sistemas Informatizados de Administra\u00e7\u00e3o Financeira e Controle.<\/p>\n<p>&nbsp;<\/p>\n<ol start=\"13\">\n<li><strong> Quem pode acessar os dados do Portal da Transpar\u00eancia?<\/strong><\/li>\n<\/ol>\n<p>Todo cidad\u00e3o pode consultar os dados do Portal da Transpar\u00eancia. N\u00e3o h\u00e1 necessidade de senha ou autoriza\u00e7\u00e3o para acessar utilizar o sistema. O sistema tem acesso amplo e liberado, sem qualquer restri\u00e7\u00e3o para consulta.<\/p>\n<p>&nbsp;<\/p>\n<ul>\n<li>O que \u00e9 a Lei de Acesso \u00e0 Informa\u00e7\u00e3o?<\/li>\n<\/ul>\n<p>A lei 12527\/2011, a chamada Lei de Acesso \u00e0 Informa\u00e7\u00e3o, obriga \u00f3rg\u00e3os p\u00fablicos federais, estaduais e municipais (minist\u00e9rios, estatais, governos estaduais, prefeituras, c\u00e2maras Municipais, empresas p\u00fablicas, autarquias, RPPS etc.) a oferecer informa\u00e7\u00f5es relacionadas \u00e0s suas atividades a qualquer pessoa que solicitar os dados.<\/p>\n<p>&nbsp;<\/p>\n","protected":false},"excerpt":{"rendered":"<p>Qual o hor\u00e1rio de atendimento da Prefeitura? A Prefeitura funciona de segunda \u00e0 sexta, das 07h \u00e0s 13h. &nbsp; Como devo proceder em caso de d\u00favida no valor do meu IPTU? Procurar <a class=\"leiamais\" href=\"https:\/\/altinho.pe.gov.br\/v1\/perguntas-frequentes-faq\/\">LEIA MAIS <i class=\"fa fa-angle-double-right\" aria-hidden=\"true\"><\/i><br \/>\n<\/a><\/p>\n","protected":false},"author":6,"featured_media":0,"parent":0,"menu_order":0,"comment_status":"closed","ping_status":"closed","template":"","meta":{"footnotes":""},"class_list":["post-28645","page","type-page","status-publish","hentry","active"],"_links":{"self":[{"href":"https:\/\/altinho.pe.gov.br\/v1\/wp-json\/wp\/v2\/pages\/28645","targetHints":{"allow":["GET"]}}],"collection":[{"href":"https:\/\/altinho.pe.gov.br\/v1\/wp-json\/wp\/v2\/pages"}],"about":[{"href":"https:\/\/altinho.pe.gov.br\/v1\/wp-json\/wp\/v2\/types\/page"}],"author":[{"embeddable":true,"href":"https:\/\/altinho.pe.gov.br\/v1\/wp-json\/wp\/v2\/users\/6"}],"replies":[{"embeddable":true,"href":"https:\/\/altinho.pe.gov.br\/v1\/wp-json\/wp\/v2\/comments?post=28645"}],"version-history":[{"count":2,"href":"https:\/\/altinho.pe.gov.br\/v1\/wp-json\/wp\/v2\/pages\/28645\/revisions"}],"predecessor-version":[{"id":28647,"href":"https:\/\/altinho.pe.gov.br\/v1\/wp-json\/wp\/v2\/pages\/28645\/revisions\/28647"}],"wp:attachment":[{"href":"https:\/\/altinho.pe.gov.br\/v1\/wp-json\/wp\/v2\/media?parent=28645"}],"curies":[{"name":"wp","href":"https:\/\/api.w.org\/{rel}","templated":true}]}}