{"id":19522,"date":"2021-09-29T17:29:24","date_gmt":"2021-09-29T20:29:24","guid":{"rendered":"http:\/\/altinho.pe.gov.br\/v1\/?page_id=19522"},"modified":"2023-02-27T11:27:12","modified_gmt":"2023-02-27T14:27:12","slug":"servicos-coordenadoria-da-mulher","status":"publish","type":"page","link":"https:\/\/altinho.pe.gov.br\/v1\/carta-de-servico\/servicos-coordenadoria-da-mulher\/","title":{"rendered":"Servi\u00e7os \u2013 Secretaria da Mulher"},"content":{"rendered":"<p><strong>CIDADANIA E QUALIDADE DE VIDA<\/strong><\/p>\n<p>&nbsp;<\/p>\n<p>Buscar a\u00e7\u00f5es que visam garantir os direitos das mulheres, fortalecendo, orientando e empoderando por meio de palestras, cursos profissionalizantes, oficinas e atividades voltadas para autoestima, lazer e a qualidade de vida, divulgando a\u00e7\u00f5es e difundindo a cultura de fortalecimento de g\u00eanero por meio das redes sociais, dentre eles:<\/p>\n<ul>\n<li>Realiza\u00e7\u00e3o de Varal Solid\u00e1rio com doa\u00e7\u00f5es de roupas e cal\u00e7ados para mulheres em estado de vulnerabilidade social, acompanhadas pelo servi\u00e7o, na zona urbana e na zona rural;<\/li>\n<li>Palestras sobre preven\u00e7\u00e3o e combate \u00e0 viol\u00eancia dom\u00e9stica e familiar contra a mulher, com profissionais da \u00e1rea, contando com apoio da seguran\u00e7a p\u00fablica, da educa\u00e7\u00e3o, sa\u00fade, dentre outros;<\/li>\n<li>Organiza\u00e7\u00e3o do \u201cDia da Beleza\u201d, como forma de fortalecer a autoestima das mulheres;<\/li>\n<li>Divulga\u00e7\u00e3o nas redes sociais de movimentos populares, filmes, s\u00e9ries e outros destinados a fomentar em todas as faixas et\u00e1rias o engajamento feminino;<\/li>\n<li>Cursos profissionalizantes diversos, como elabora\u00e7\u00e3o de flores artesanais, sabonetes, ovos de P\u00e1scoa, confeitaria, dentre outros, como forma de enaltecer a autonomia financeira da mulher.<\/li>\n<\/ul>\n<p>&nbsp;<\/p>\n<p><strong>SA\u00daDE DA MULHER<\/strong><\/p>\n<p>&nbsp;<\/p>\n<p>Atua no acolhimento das mulheres em situa\u00e7\u00e3o de vulnerabilidade social e emocional, trabalhando com a\u00e7\u00f5es voltadas \u00e0 sa\u00fade, a exemplo de:<\/p>\n<ul>\n<li>Acolhimento social e psicol\u00f3gico, investigando o estado socioecon\u00f4mico da v\u00edtima, se encontra-se inserida em situa\u00e7\u00e3o de vulnerabilidade social, ou se carece de acompanhamento psicol\u00f3gico ou de ordem m\u00e9dica ou medicamentosa, encaminhando a v\u00edtima aos \u00f3rg\u00e3os de acompanhamento complementar como o CRAS, CREAS e Secretaria de Sa\u00fade;<\/li>\n<li>Atendimentos psicol\u00f3gicos, cl\u00ednico e nutricional, bem como palestras sobre viol\u00eancia obst\u00e9trica e institucional, presencial ou por meio das redes sociais da Coordenadoria, fortalecendo os aspectos f\u00edsico e mental das mulheres;<\/li>\n<li>Realiza\u00e7\u00e3o de exames laboratoriais, como citologia, e acompanhamento cl\u00ednico.<\/li>\n<\/ul>\n<p>&nbsp;<\/p>\n<p><strong>ENFRENTRAMENTO \u00c0 VIOLENCIA CONTRA A MULHER<\/strong><\/p>\n<p>&nbsp;<\/p>\n<p>O atendimento ao enfrentamento \u00e0 viol\u00eancia dom\u00e9stica e familiar engloba diversas esferas do Poder P\u00fablica, em especial, de ordem sociojur\u00eddica, sendo comum n\u00e3o apenas a orienta\u00e7\u00e3o e encaminhamento aos \u00f3rg\u00e3os competentes, mas verdadeiramente inserir a v\u00edtima na rede de apoio. A Coordenadoria da Mulher do Altinho \u2013 PE proporciona:<\/p>\n<ul>\n<li>Triagem com assistente social, encaminhando casos de urg\u00eancia para os \u00f3rg\u00e3os competentes, dando orienta\u00e7\u00f5es preliminares sobre como agir em casos de emerg\u00eancia; contatando \u00f3rg\u00e3os de seguran\u00e7a p\u00fablica para intervir em situa\u00e7\u00f5es de maior eminente gravidade, e encorajando a realizar a den\u00fancia;<\/li>\n<li>Atendimento jur\u00eddico, orientando a v\u00edtima da viol\u00eancia dom\u00e9stica e familiar sobre seus direitos e quais provid\u00eancias deve tomar para ter assegurada sua estabilidade f\u00edsica e mental;<\/li>\n<li>Acompanhamento junto \u00e0 Delegacia de Pol\u00edcia Civil local, para lavratura do competente Boletim de Ocorr\u00eancia, agendando hor\u00e1rio reservado para atendimento personalizado e sigiloso, assessorando, tamb\u00e9m, no curso do inqu\u00e9rito policial, para oitiva de depoimento, acompanhamento na realiza\u00e7\u00e3o de exame t\u00e9cnicos (traumatol\u00f3gico, sexol\u00f3gico, dentre outros) seja no Munic\u00edpio ou fora dele, e demais atos pertinentes;<\/li>\n<li>Promo\u00e7\u00e3o de a\u00e7\u00e3o judicial visando a concess\u00e3o e prorroga\u00e7\u00e3o de medidas protetivas da Lei Maria da Penha, e de outras medidas mais gravosas, junto ao Poder Judici\u00e1rio, bem assim assessoramento no curso do processo;<\/li>\n<li>Patroc\u00ednio de demandas complementares \u00e0s v\u00edtimas de viol\u00eancia dom\u00e9stica, dentre eles a solicita\u00e7\u00e3o de fixa\u00e7\u00e3o, revis\u00e3o ou execu\u00e7\u00e3o de alimentos para filhos menores, regulamenta\u00e7\u00e3o de guarda, div\u00f3rcio, reconhecimento de uni\u00e3o est\u00e1vel, dentre outros.<\/li>\n<li>Os servi\u00e7os podem ser solicitado atrav\u00e9s das redes sociais da coordenadoria, pelo whatsapp (81)998283510 ou por encaminhado das redes de prote\u00e7\u00e3o (CRAS, CREAS, Hospital, Delegacia, etc).<\/li>\n<li>&nbsp;<\/li>\n<\/ul>\n<p>&nbsp;<\/p>\n","protected":false},"excerpt":{"rendered":"<p>CIDADANIA E QUALIDADE DE VIDA &nbsp; Buscar a\u00e7\u00f5es que visam garantir os direitos das mulheres, fortalecendo, orientando e empoderando por meio de palestras, cursos profissionalizantes, oficinas e atividades voltadas para autoestima, lazer <a class=\"leiamais\" href=\"https:\/\/altinho.pe.gov.br\/v1\/carta-de-servico\/servicos-coordenadoria-da-mulher\/\">LEIA MAIS <i class=\"fa fa-angle-double-right\" aria-hidden=\"true\"><\/i><br \/>\n<\/a><\/p>\n","protected":false},"author":6,"featured_media":19523,"parent":19408,"menu_order":0,"comment_status":"closed","ping_status":"closed","template":"page-carta-interna.php","meta":{"footnotes":""},"class_list":["post-19522","page","type-page","status-publish","has-post-thumbnail","hentry","active"],"_links":{"self":[{"href":"https:\/\/altinho.pe.gov.br\/v1\/wp-json\/wp\/v2\/pages\/19522","targetHints":{"allow":["GET"]}}],"collection":[{"href":"https:\/\/altinho.pe.gov.br\/v1\/wp-json\/wp\/v2\/pages"}],"about":[{"href":"https:\/\/altinho.pe.gov.br\/v1\/wp-json\/wp\/v2\/types\/page"}],"author":[{"embeddable":true,"href":"https:\/\/altinho.pe.gov.br\/v1\/wp-json\/wp\/v2\/users\/6"}],"replies":[{"embeddable":true,"href":"https:\/\/altinho.pe.gov.br\/v1\/wp-json\/wp\/v2\/comments?post=19522"}],"version-history":[{"count":2,"href":"https:\/\/altinho.pe.gov.br\/v1\/wp-json\/wp\/v2\/pages\/19522\/revisions"}],"predecessor-version":[{"id":25817,"href":"https:\/\/altinho.pe.gov.br\/v1\/wp-json\/wp\/v2\/pages\/19522\/revisions\/25817"}],"up":[{"embeddable":true,"href":"https:\/\/altinho.pe.gov.br\/v1\/wp-json\/wp\/v2\/pages\/19408"}],"wp:featuredmedia":[{"embeddable":true,"href":"https:\/\/altinho.pe.gov.br\/v1\/wp-json\/wp\/v2\/media\/19523"}],"wp:attachment":[{"href":"https:\/\/altinho.pe.gov.br\/v1\/wp-json\/wp\/v2\/media?parent=19522"}],"curies":[{"name":"wp","href":"https:\/\/api.w.org\/{rel}","templated":true}]}}