{"id":19512,"date":"2021-09-29T17:17:34","date_gmt":"2021-09-29T20:17:34","guid":{"rendered":"http:\/\/altinho.pe.gov.br\/v1\/?page_id=19512"},"modified":"2025-04-28T12:29:53","modified_gmt":"2025-04-28T15:29:53","slug":"servicos-secretaria-de-cultura-turismo-e-esportes","status":"publish","type":"page","link":"https:\/\/altinho.pe.gov.br\/v1\/carta-de-servico\/servicos-secretaria-de-cultura-turismo-e-esportes\/","title":{"rendered":"Servi\u00e7os \u2013 Secretaria de Cultura, Turismo e Esportes"},"content":{"rendered":"\n<ol class=\"wp-block-list\">\n<li><strong>PROJETO PEDALAR \u00c9 SA\u00daDE<\/strong><\/li>\n<\/ol>\n\n\n\n<p><strong>Finalidade:<\/strong><br>Realizar passeio cicl\u00edstico semanalmente pelas principais ruas e avenidas da cidade, proporcionar aos participantes um h\u00e1bito saud\u00e1vel referente \u00e0 coordena\u00e7\u00e3o motora, benef\u00edcios f\u00edsicos e emocionais contribuindo para a qualidade de vida, como atividade aer\u00f3bica gera a perda de peso, auxilia no equil\u00edbrio da press\u00e3o arterial, na redu\u00e7\u00e3o dos n\u00edveis de colesterol, al\u00e9m de ser uma atividade relaxante e que combate o estresse. Da\u00ed a relev\u00e2ncia de se realizar projetos que envolvam a comunidade na pr\u00e1tica do pedalar.<br><strong>Como participar:<\/strong> comparecendo nas quintas feiras<br><strong>Como solicitar: <\/strong>N\u00e3o \u00e9 necess\u00e1rio<br><strong>Quanto custa?:<\/strong> Gratuito<br><strong>Prazo para atendimento:<\/strong> Imediato<\/p>\n\n\n\n<figure class=\"wp-block-image size-full\"><img loading=\"lazy\" decoding=\"async\" width=\"750\" height=\"10\" src=\"https:\/\/altinho.pe.gov.br\/v1\/wp-content\/uploads\/2025\/04\/imagens-carta-de-servicos-linhas.png\" alt=\"\" class=\"wp-image-36046\" srcset=\"https:\/\/altinho.pe.gov.br\/v1\/wp-content\/uploads\/2025\/04\/imagens-carta-de-servicos-linhas.png 750w, https:\/\/altinho.pe.gov.br\/v1\/wp-content\/uploads\/2025\/04\/imagens-carta-de-servicos-linhas-300x4.png 300w, https:\/\/altinho.pe.gov.br\/v1\/wp-content\/uploads\/2025\/04\/imagens-carta-de-servicos-linhas-150x2.png 150w\" sizes=\"auto, (max-width: 750px) 100vw, 750px\" \/><\/figure>\n\n\n\n<ol start=\"2\" class=\"wp-block-list\">\n<li><strong>NATA\u00c7\u00c3O<\/strong><\/li>\n<\/ol>\n\n\n\n<p><strong>Finalidade:<\/strong> A nata\u00e7\u00e3o \u00e9 um esporte que melhora a for\u00e7a, tonifica os m\u00fasculos e trabalha todo o corpo, estimula as articula\u00e7\u00f5es e ligamentos e ajuda no controle de peso e na queima da gordura. O projeto oferece aulas a crian\u00e7as, jovens e adultos nas ter\u00e7as e quintas feiras.<br><strong>Como participar:<\/strong> fazendo inscri\u00e7\u00e3o previa<br><strong>Como solicitar:<\/strong> procurar a Secretaria com c\u00f3pia de certid\u00e3o, RG e comprovante de endere\u00e7o.<br><strong>Quanto custa?: <\/strong>Gratuito<br><strong>Prazo para atendimento: <\/strong>Imediato<\/p>\n\n\n\n<figure class=\"wp-block-image size-full\"><img loading=\"lazy\" decoding=\"async\" width=\"750\" height=\"10\" src=\"https:\/\/altinho.pe.gov.br\/v1\/wp-content\/uploads\/2025\/04\/imagens-carta-de-servicos-linhas.png\" alt=\"\" class=\"wp-image-36046\" srcset=\"https:\/\/altinho.pe.gov.br\/v1\/wp-content\/uploads\/2025\/04\/imagens-carta-de-servicos-linhas.png 750w, https:\/\/altinho.pe.gov.br\/v1\/wp-content\/uploads\/2025\/04\/imagens-carta-de-servicos-linhas-300x4.png 300w, https:\/\/altinho.pe.gov.br\/v1\/wp-content\/uploads\/2025\/04\/imagens-carta-de-servicos-linhas-150x2.png 150w\" sizes=\"auto, (max-width: 750px) 100vw, 750px\" \/><\/figure>\n\n\n\n<ol start=\"3\" class=\"wp-block-list\">\n<li><strong>HIDROGIN\u00c1STICA<\/strong><\/li>\n<\/ol>\n\n\n\n<p><strong>Finalidade:<\/strong> A pr\u00e1tica de atividade f\u00edsica traz vantagens para o corpo e a mente, mas deve ser realizada de acordo com o seu condicionamento f\u00edsico. A hidrogin\u00e1stica pode ser feita por idosos e \u00e9 uma das preferidas na recomenda\u00e7\u00e3o e at\u00e9 na ades\u00e3o dos idosos, pois estar submerso na \u00e1gua diminui o impacto das articula\u00e7\u00f5es, uma vez que grande parte da popula\u00e7\u00e3o idosa apresenta queixas de dor e problemas articulares, al\u00e9m de ser uma aula realizada em grupo, o que gera um ambiente confort\u00e1vel e descontra\u00eddo para idosos. Aulas ter\u00e7as e quintas feiras.<br>Benef\u00edcios:<br><strong>\u2022 <\/strong>For\u00e7a muscular;<br><strong>\u2022 <\/strong>Gera melhora da circula\u00e7\u00e3o;<br><strong>\u2022 <\/strong>Al\u00e9m dos benef\u00edcios que outras atividades f\u00edsicas geram como controle de fatores de risco para doen\u00e7as cr\u00f4nicas como diabetes, cardiopatias e depress\u00e3o. <br><strong>Como participar:<\/strong> fazendo inscri\u00e7\u00e3o<br><strong>Como solicitar:<\/strong> procurar a Secretaria com c\u00f3pia de certid\u00e3o, RG e comprovante de endere\u00e7o.<br><strong>Quanto custa?:<\/strong> Gratuito<br><strong>Prazo para atendimento:<\/strong> Imediato<\/p>\n\n\n\n<figure class=\"wp-block-image size-full\"><img loading=\"lazy\" decoding=\"async\" width=\"750\" height=\"10\" src=\"https:\/\/altinho.pe.gov.br\/v1\/wp-content\/uploads\/2025\/04\/imagens-carta-de-servicos-linhas.png\" alt=\"\" class=\"wp-image-36046\" srcset=\"https:\/\/altinho.pe.gov.br\/v1\/wp-content\/uploads\/2025\/04\/imagens-carta-de-servicos-linhas.png 750w, https:\/\/altinho.pe.gov.br\/v1\/wp-content\/uploads\/2025\/04\/imagens-carta-de-servicos-linhas-300x4.png 300w, https:\/\/altinho.pe.gov.br\/v1\/wp-content\/uploads\/2025\/04\/imagens-carta-de-servicos-linhas-150x2.png 150w\" sizes=\"auto, (max-width: 750px) 100vw, 750px\" \/><\/figure>\n\n\n\n<ol start=\"4\" class=\"wp-block-list\">\n<li><strong>GIN\u00c1STICA COM IDOSOS<\/strong><\/li>\n<\/ol>\n\n\n\n<p><strong>Finalidade:<\/strong> O alongamento nessa faixa et\u00e1ria \u00e9 fundamental porque os idosos tendem \u00e0 perda de flexibilidade e encurtamento muscular. Deve-se a isso o fato de os idosos sofrerem muitas quedas, porque perderam coordena\u00e7\u00e3o motora, equil\u00edbrio e for\u00e7a muscular. O alongamento vai ajudar a minimizar os efeitos desse processo natural do envelhecimento. Com essa pr\u00e1tica, os idosos ter\u00e3o menos les\u00f5es, aumento da flexibilidade e uma diminui\u00e7\u00e3o das tens\u00f5es musculares e articulares, al\u00e9m de proporcionar bem-estar emocional. Aulas ter\u00e7as e quintas feiras.<br><strong>Como participar:<\/strong> fazendo inscri\u00e7\u00e3o<br><strong>Como solicitar:<\/strong> procurar a Secretaria com c\u00f3pia de certid\u00e3o, RG e comprovante de endere\u00e7o.<br><strong>Quanto custa?:<\/strong> Gratuito<br><strong>Prazo para atendimento:<\/strong> Imediato<\/p>\n\n\n\n<figure class=\"wp-block-image size-full\"><img loading=\"lazy\" decoding=\"async\" width=\"750\" height=\"10\" src=\"https:\/\/altinho.pe.gov.br\/v1\/wp-content\/uploads\/2025\/04\/imagens-carta-de-servicos-linhas.png\" alt=\"\" class=\"wp-image-36046\" srcset=\"https:\/\/altinho.pe.gov.br\/v1\/wp-content\/uploads\/2025\/04\/imagens-carta-de-servicos-linhas.png 750w, https:\/\/altinho.pe.gov.br\/v1\/wp-content\/uploads\/2025\/04\/imagens-carta-de-servicos-linhas-300x4.png 300w, https:\/\/altinho.pe.gov.br\/v1\/wp-content\/uploads\/2025\/04\/imagens-carta-de-servicos-linhas-150x2.png 150w\" sizes=\"auto, (max-width: 750px) 100vw, 750px\" \/><\/figure>\n\n\n\n<ol start=\"5\" class=\"wp-block-list\">\n<li><strong>GIN\u00c1SIO POLIESPORTIVO<\/strong><\/li>\n<\/ol>\n\n\n\n<p><strong>Finalidade:<\/strong> Espa\u00e7o utilizado pela comunidade, com treinamentos de futsal, voleibol, recrea\u00e7\u00e3o e atividades f\u00edsicas das escolas do munic\u00edpio. Hor\u00e1rio manh\u00e3, tarde e noite.<br><strong>Como participar: <\/strong>Preenchendo ficha de Solicita\u00e7\u00e3o informando os hor\u00e1rios<br><strong>Como solicitar:<\/strong> agendar na Secretaria.<br><strong>Quanto custa?:<\/strong> Gratuito<br><strong>Prazo para atendimento:<\/strong> de acordo com hor\u00e1rios dispon\u00edvel, ainda n\u00e3o preenchido.<\/p>\n\n\n\n<figure class=\"wp-block-image size-full\"><img loading=\"lazy\" decoding=\"async\" width=\"750\" height=\"10\" src=\"https:\/\/altinho.pe.gov.br\/v1\/wp-content\/uploads\/2025\/04\/imagens-carta-de-servicos-linhas.png\" alt=\"\" class=\"wp-image-36046\" srcset=\"https:\/\/altinho.pe.gov.br\/v1\/wp-content\/uploads\/2025\/04\/imagens-carta-de-servicos-linhas.png 750w, https:\/\/altinho.pe.gov.br\/v1\/wp-content\/uploads\/2025\/04\/imagens-carta-de-servicos-linhas-300x4.png 300w, https:\/\/altinho.pe.gov.br\/v1\/wp-content\/uploads\/2025\/04\/imagens-carta-de-servicos-linhas-150x2.png 150w\" sizes=\"auto, (max-width: 750px) 100vw, 750px\" \/><\/figure>\n\n\n\n<ol start=\"6\" class=\"wp-block-list\">\n<li><strong>BIBLIOTECA<\/strong><\/li>\n<\/ol>\n\n\n\n<p><strong>Finalidade:<\/strong> Proporcionar o desenvolvimento intelectual, proliferar o conhecimento e preservar a cultura local, sendo um espa\u00e7o f\u00edsico de fundamental import\u00e2ncia para o desenvolvimento da comunidade.<br><strong>Como participar:<\/strong> Comparecendo na biblioteca<br><strong>Como solicitar:<\/strong> N\u00e3o \u00e9 necess\u00e1rio<br><strong>Quanto custa?: <\/strong>Gratuito<br><strong>Prazo para atendimento:<\/strong> Imediato<\/p>\n\n\n\n<figure class=\"wp-block-image size-full\"><img loading=\"lazy\" decoding=\"async\" width=\"750\" height=\"10\" src=\"https:\/\/altinho.pe.gov.br\/v1\/wp-content\/uploads\/2025\/04\/imagens-carta-de-servicos-linhas.png\" alt=\"\" class=\"wp-image-36046\" srcset=\"https:\/\/altinho.pe.gov.br\/v1\/wp-content\/uploads\/2025\/04\/imagens-carta-de-servicos-linhas.png 750w, https:\/\/altinho.pe.gov.br\/v1\/wp-content\/uploads\/2025\/04\/imagens-carta-de-servicos-linhas-300x4.png 300w, https:\/\/altinho.pe.gov.br\/v1\/wp-content\/uploads\/2025\/04\/imagens-carta-de-servicos-linhas-150x2.png 150w\" sizes=\"auto, (max-width: 750px) 100vw, 750px\" \/><\/figure>\n\n\n\n<ol start=\"7\" class=\"wp-block-list\">\n<li><strong>MEMORIAL E CASA DO ARTES\u00c3O<\/strong><\/li>\n<\/ol>\n\n\n\n<p><strong>Finalidade:<\/strong> O museu \u00e9 uma institui\u00e7\u00e3o permanente sem fins lucrativos, ao servi\u00e7o da sociedade e do seu desenvolvimento, aberta ao p\u00fablico, que adquire, conserva, investiga, comunica e exp\u00f5e o patrim\u00f3nio material e imaterial da humanidade e do seu meio envolvente com fins de educa\u00e7\u00e3o, estudo e deleite. Al\u00e9m de poder visitar o museu pode conhecer o espa\u00e7o dedicado ao artesanato local. O espa\u00e7o est\u00e1 aberto para visita\u00e7\u00e3o de ter\u00e7a a domingo, das 8h as 17h (ter\u00e7a a sexta), 9h as 12h (S\u00e1bado), 14h as 18h (domingo).<br><strong>Como participar:<\/strong> Comparecendo<br><strong>Como solicitar:<\/strong> N\u00e3o \u00e9 necess\u00e1rio<br><strong>Quanto custa?:<\/strong> Gratuito<br><strong>Prazo para atendimento:<\/strong> Imediato<\/p>\n","protected":false},"excerpt":{"rendered":"<p>Finalidade:Realizar passeio cicl\u00edstico semanalmente pelas principais ruas e avenidas da cidade, proporcionar aos participantes um h\u00e1bito saud\u00e1vel referente \u00e0 coordena\u00e7\u00e3o motora, benef\u00edcios f\u00edsicos e emocionais contribuindo para a qualidade de vida, como <a class=\"leiamais\" href=\"https:\/\/altinho.pe.gov.br\/v1\/carta-de-servico\/servicos-secretaria-de-cultura-turismo-e-esportes\/\">LEIA MAIS <i class=\"fa fa-angle-double-right\" aria-hidden=\"true\"><\/i><br \/>\n<\/a><\/p>\n","protected":false},"author":6,"featured_media":36081,"parent":19408,"menu_order":0,"comment_status":"closed","ping_status":"closed","template":"page-carta-interna.php","meta":{"footnotes":""},"class_list":["post-19512","page","type-page","status-publish","has-post-thumbnail","hentry","active"],"_links":{"self":[{"href":"https:\/\/altinho.pe.gov.br\/v1\/wp-json\/wp\/v2\/pages\/19512","targetHints":{"allow":["GET"]}}],"collection":[{"href":"https:\/\/altinho.pe.gov.br\/v1\/wp-json\/wp\/v2\/pages"}],"about":[{"href":"https:\/\/altinho.pe.gov.br\/v1\/wp-json\/wp\/v2\/types\/page"}],"author":[{"embeddable":true,"href":"https:\/\/altinho.pe.gov.br\/v1\/wp-json\/wp\/v2\/users\/6"}],"replies":[{"embeddable":true,"href":"https:\/\/altinho.pe.gov.br\/v1\/wp-json\/wp\/v2\/comments?post=19512"}],"version-history":[{"count":5,"href":"https:\/\/altinho.pe.gov.br\/v1\/wp-json\/wp\/v2\/pages\/19512\/revisions"}],"predecessor-version":[{"id":36083,"href":"https:\/\/altinho.pe.gov.br\/v1\/wp-json\/wp\/v2\/pages\/19512\/revisions\/36083"}],"up":[{"embeddable":true,"href":"https:\/\/altinho.pe.gov.br\/v1\/wp-json\/wp\/v2\/pages\/19408"}],"wp:featuredmedia":[{"embeddable":true,"href":"https:\/\/altinho.pe.gov.br\/v1\/wp-json\/wp\/v2\/media\/36081"}],"wp:attachment":[{"href":"https:\/\/altinho.pe.gov.br\/v1\/wp-json\/wp\/v2\/media?parent=19512"}],"curies":[{"name":"wp","href":"https:\/\/api.w.org\/{rel}","templated":true}]}}