{"id":19484,"date":"2021-09-29T16:14:24","date_gmt":"2021-09-29T19:14:24","guid":{"rendered":"http:\/\/altinho.pe.gov.br\/v1\/?page_id=19484"},"modified":"2025-04-25T11:02:44","modified_gmt":"2025-04-25T14:02:44","slug":"servicos-secretaria-municipal-de-administracao","status":"publish","type":"page","link":"https:\/\/altinho.pe.gov.br\/v1\/carta-de-servico\/servicos-secretaria-municipal-de-administracao\/","title":{"rendered":"Servi\u00e7os \u2013 Secretaria de Governo, Planejamento e Seguran\u00e7a Cidad\u00e3"},"content":{"rendered":"\n<figure class=\"wp-block-image size-full\"><img loading=\"lazy\" decoding=\"async\" width=\"750\" height=\"10\" src=\"https:\/\/altinho.pe.gov.br\/v1\/wp-content\/uploads\/2025\/04\/imagens-carta-de-servicos-linhas.png\" alt=\"\" class=\"wp-image-36046\" srcset=\"https:\/\/altinho.pe.gov.br\/v1\/wp-content\/uploads\/2025\/04\/imagens-carta-de-servicos-linhas.png 750w, https:\/\/altinho.pe.gov.br\/v1\/wp-content\/uploads\/2025\/04\/imagens-carta-de-servicos-linhas-300x4.png 300w, https:\/\/altinho.pe.gov.br\/v1\/wp-content\/uploads\/2025\/04\/imagens-carta-de-servicos-linhas-150x2.png 150w\" sizes=\"auto, (max-width: 750px) 100vw, 750px\" \/><\/figure>\n\n\n\n<p><strong>JUNTA MILITAR<\/strong><\/p>\n\n\n\n<p><strong>Finalidade:<\/strong> Expedir o documento militar (Reservista) que permite o cidad\u00e3o est\u00e1 em dia com o ex\u00e9rcito brasileiro.<\/p>\n\n\n\n<p><strong>Pr\u00e9-requisitos e documenta\u00e7\u00e3o necess\u00e1ria:<\/strong><\/p>\n\n\n\n<p><strong>\u2013 Pr\u00e9-requisitos:<\/strong> De acordo com a Lei n\u00ba 4,375, de 17 de agosto de 1964, todo cidad\u00e3o brasileiro tem a obriga\u00e7\u00e3o de realizar seu alistamento no ex\u00e9rcito, Marinha ou Aeron\u00e1utica, esta obriga\u00e7\u00e3o come\u00e7a no 1\u00ba dia de janeiro do ano em que o cidad\u00e3o completar 18(dezoito) anos de idade e subsistir\u00e1 at\u00e9 31 de dezembro do ano em que completar 45 (quarenta e cinco) anos.<\/p>\n\n\n\n<p><strong>DOCUMENTOS:<\/strong> Certid\u00e3o de Nascimento, Identidade, CPF, e comprovante de resid\u00eancia atual no nome do pr\u00f3prio cidad\u00e3o, ou dos pais.<\/p>\n\n\n\n<p><strong>COMO SOLICITAR O SERVI\u00c7O (PASSO A PASSO)?<\/strong><br>Endere\u00e7o: Rua Dr. Nestor Varej\u00e3o, n\u00ba 51, centro, Altinho-PE, atendimento e mais informa\u00e7\u00f5es apenas presencial.<\/p>\n\n\n\n<p><strong>AGENDAMENTO PR\u00c9VIO: N\u00e3o \u00e9 necess\u00e1rio.<\/strong><\/p>\n\n\n\n<p>Atendimento apenas presencial na Prefeitura Municipal de Altinho, onde fica localizada a Junta de Servi\u00e7o Militar.<\/p>\n\n\n\n<p><strong>QUANTO CUSTA?<\/strong><br>Para o cidad\u00e3o que estiver no prazo de 1\u00ba de janeiro a 31 de junho do ano que completa 18 anos de idade, pagar\u00e1 apenas taxa no valor de R$ 4,94, e para os cidad\u00e3os que j\u00e1 passaram do prazo, pagaram taxa e multa no valor de R$ 4,94 cada uma. No caso de uma segunda via pagar\u00e1 taxa no valor de R$ 4,94 e multa no valor de R$ 13,44. OBS: O valor das taxas \u00e9 alterado a cada tr\u00eas meses, por isso sempre haver\u00e1 uma pequena altera\u00e7\u00e3o nesses valores.<\/p>\n\n\n\n<p><strong>PRAZO PARA ENTREGA<\/strong><br>O prazo de entrega \u00e9 de 2 at\u00e9 8 dias \u00fateis.<\/p>\n\n\n\n<p><strong>HOR\u00c1RIO DE FUNCIONAMENTO<\/strong><br>De segunda a sexta, das 7:30h \u00e0s 13:00h<br>No pr\u00e9dio da Prefeitura.<\/p>\n\n\n\n<figure class=\"wp-block-image size-full\"><img loading=\"lazy\" decoding=\"async\" width=\"750\" height=\"10\" src=\"https:\/\/altinho.pe.gov.br\/v1\/wp-content\/uploads\/2025\/04\/imagens-carta-de-servicos-linhas.png\" alt=\"\" class=\"wp-image-36046\" srcset=\"https:\/\/altinho.pe.gov.br\/v1\/wp-content\/uploads\/2025\/04\/imagens-carta-de-servicos-linhas.png 750w, https:\/\/altinho.pe.gov.br\/v1\/wp-content\/uploads\/2025\/04\/imagens-carta-de-servicos-linhas-300x4.png 300w, https:\/\/altinho.pe.gov.br\/v1\/wp-content\/uploads\/2025\/04\/imagens-carta-de-servicos-linhas-150x2.png 150w\" sizes=\"auto, (max-width: 750px) 100vw, 750px\" \/><\/figure>\n\n\n\n<p><strong>EMISS\u00c3O DE CARTERIA DE IDENTIDADE<\/strong><\/p>\n\n\n\n<p><strong>Finalidade:<\/strong> Expedir documento de Identidade.<\/p>\n\n\n\n<p><strong>Pr\u00e9-requisitos e documenta\u00e7\u00e3o necess\u00e1ria:<\/strong><\/p>\n\n\n\n<p><strong>Brasileiro Nato:<\/strong> Certid\u00e3o de Nascimento, se solteiro, ou certid\u00e3o de casamento, em ambos os casos os documentos apresentados n\u00e3o podem ter rasuras ou emendas e deve conter todas as informa\u00e7\u00f5es necess\u00e1rias e legais (nome, filia\u00e7\u00e3o, local e data de nascimento do identificado, a comarca, cart\u00f3rio, livro, folha e n\u00famero do registro de nascimento), de forma leg\u00edvel, que n\u00e3o gere d\u00favidas. Os requerentes casados, vi\u00favos, separados, judicialmente ou divorciados apresentar\u00e3o obrigatoriamente a certid\u00e3o de casamento com a respectiva averba\u00e7\u00e3o para os separados e divorciados;<\/p>\n\n\n\n<p><strong>Brasileiro naturalizado:<\/strong> Certificado de Naturaliza\u00e7\u00e3o ou c\u00f3pia leg\u00edvel do di\u00e1rio Oficial da Uni\u00e3o- DOU constando o n\u00famero da portaria e a data de publica\u00e7\u00e3o; Portugu\u00eas beneficiado pelo tratado da amizade, coopera\u00e7\u00e3o e consulta entre o Brasil e Portugal<\/p>\n\n\n\n<p><strong>Decreto n\u00ba 3.927\/01:<\/strong> Certificado de igualdade de direitos e deveres ou c\u00f3pia leg\u00edvel do di\u00e1rio Oficial da Uni\u00e3o- DOU, constando o n\u00famero da portaria e a data de publica\u00e7\u00e3o;<\/p>\n\n\n\n<p><strong>OBS:<\/strong> Apresentar documentos originais ou c\u00f3pias autenticadas. Para requerer a carteira de identidade, os menores de 16 anos devem ser acompanhados por um dos seus respons\u00e1veis (pai, m\u00e3e, tutor, guardi\u00e3o ou acompanhante nomeado pelo juiz da vara da inf\u00e2ncia e juventude), portando documento original.<\/p>\n\n\n\n<p><strong>COMO SOLICITAR O SERVI\u00c7O (PASSO A PASSO)?<\/strong><br>Endere\u00e7o: Avenida Manoel Omena, 08, Centro, Altinho \u2013 PE, atendimento e mais informa\u00e7\u00f5es apenas presencial.<\/p>\n\n\n\n<p><strong>AGENDAMENTO PR\u00c9VIO:<\/strong><br>https:\/\/www.iitb.pe.gov.br\/<\/p>\n\n\n\n<p><strong>QUANTO CUSTA?<\/strong><br>1\u00ba Via gratuita | 2\u00ba VIA 32,00<\/p>\n\n\n\n<p><strong>PRAZO PARA ENTREGA:<\/strong><br>O prazo de entrega \u00e9 de 30 (trinta) dias.<\/p>\n","protected":false},"excerpt":{"rendered":"<p>JUNTA MILITAR Finalidade: Expedir o documento militar (Reservista) que permite o cidad\u00e3o est\u00e1 em dia com o ex\u00e9rcito brasileiro. Pr\u00e9-requisitos e documenta\u00e7\u00e3o necess\u00e1ria: \u2013 Pr\u00e9-requisitos: De acordo com a Lei n\u00ba 4,375, <a class=\"leiamais\" href=\"https:\/\/altinho.pe.gov.br\/v1\/carta-de-servico\/servicos-secretaria-municipal-de-administracao\/\">LEIA MAIS <i class=\"fa fa-angle-double-right\" aria-hidden=\"true\"><\/i><br \/>\n<\/a><\/p>\n","protected":false},"author":6,"featured_media":36044,"parent":19408,"menu_order":0,"comment_status":"closed","ping_status":"closed","template":"page-carta-interna.php","meta":{"footnotes":""},"class_list":["post-19484","page","type-page","status-publish","has-post-thumbnail","hentry","active"],"_links":{"self":[{"href":"https:\/\/altinho.pe.gov.br\/v1\/wp-json\/wp\/v2\/pages\/19484","targetHints":{"allow":["GET"]}}],"collection":[{"href":"https:\/\/altinho.pe.gov.br\/v1\/wp-json\/wp\/v2\/pages"}],"about":[{"href":"https:\/\/altinho.pe.gov.br\/v1\/wp-json\/wp\/v2\/types\/page"}],"author":[{"embeddable":true,"href":"https:\/\/altinho.pe.gov.br\/v1\/wp-json\/wp\/v2\/users\/6"}],"replies":[{"embeddable":true,"href":"https:\/\/altinho.pe.gov.br\/v1\/wp-json\/wp\/v2\/comments?post=19484"}],"version-history":[{"count":12,"href":"https:\/\/altinho.pe.gov.br\/v1\/wp-json\/wp\/v2\/pages\/19484\/revisions"}],"predecessor-version":[{"id":36049,"href":"https:\/\/altinho.pe.gov.br\/v1\/wp-json\/wp\/v2\/pages\/19484\/revisions\/36049"}],"up":[{"embeddable":true,"href":"https:\/\/altinho.pe.gov.br\/v1\/wp-json\/wp\/v2\/pages\/19408"}],"wp:featuredmedia":[{"embeddable":true,"href":"https:\/\/altinho.pe.gov.br\/v1\/wp-json\/wp\/v2\/media\/36044"}],"wp:attachment":[{"href":"https:\/\/altinho.pe.gov.br\/v1\/wp-json\/wp\/v2\/media?parent=19484"}],"curies":[{"name":"wp","href":"https:\/\/api.w.org\/{rel}","templated":true}]}}