{"id":16910,"date":"2020-07-09T15:30:27","date_gmt":"2020-07-09T18:30:27","guid":{"rendered":"http:\/\/altinho.pe.gov.br\/v1\/?page_id=16910"},"modified":"2020-07-09T18:51:04","modified_gmt":"2020-07-09T21:51:04","slug":"acoes-do-governo-municipal-do-altinho-no-combate-ao-covid-19","status":"publish","type":"page","link":"https:\/\/altinho.pe.gov.br\/v1\/acoes-do-governo-municipal-do-altinho-no-combate-ao-covid-19\/","title":{"rendered":"COVID-19"},"content":{"rendered":"\n<h5 class=\"has-luminous-vivid-orange-color has-text-color wp-block-heading\">Em atendimento a <em><strong>LEI N\u00ba 13.979, DE 6 DE FEVEREIRO DE 2020,<\/strong><\/em> que disp\u00f5e sobre as medidas para enfrentamento da emerg\u00eancia de sa\u00fade p\u00fablica de import\u00e2ncia internacional decorrente do novo Coronav\u00edrus.<\/h5>\n\n\n\n<figure class=\"wp-block-image size-large\"><a href=\"https:\/\/altinho.pe.gov.br\/v1\/category\/covid-19\/\"><img loading=\"lazy\" decoding=\"async\" width=\"750\" height=\"212\" src=\"https:\/\/altinho.pe.gov.br\/v1\/wp-content\/uploads\/2020\/07\/BANNER-SITE-CORONAVIRUSCLIQUE-750x212.png\" alt=\"\" class=\"wp-image-16931\" srcset=\"https:\/\/altinho.pe.gov.br\/v1\/wp-content\/uploads\/2020\/07\/BANNER-SITE-CORONAVIRUSCLIQUE-750x212.png 750w, https:\/\/altinho.pe.gov.br\/v1\/wp-content\/uploads\/2020\/07\/BANNER-SITE-CORONAVIRUSCLIQUE-300x85.png 300w, https:\/\/altinho.pe.gov.br\/v1\/wp-content\/uploads\/2020\/07\/BANNER-SITE-CORONAVIRUSCLIQUE-150x42.png 150w, https:\/\/altinho.pe.gov.br\/v1\/wp-content\/uploads\/2020\/07\/BANNER-SITE-CORONAVIRUSCLIQUE-768x217.png 768w, https:\/\/altinho.pe.gov.br\/v1\/wp-content\/uploads\/2020\/07\/BANNER-SITE-CORONAVIRUSCLIQUE.png 1240w\" sizes=\"auto, (max-width: 750px) 100vw, 750px\" \/><\/a><\/figure>\n\n\n\n<p class=\"has-text-align-center\"><\/p>\n\n\n\n<figure class=\"wp-block-image size-large\"><a href=\"http:\/\/netuse.inf.br\/altinho_pm\/portaltransparencia\/index.php?link=109\" target=\"_blank\" rel=\"noreferrer noopener\"><img loading=\"lazy\" decoding=\"async\" width=\"750\" height=\"212\" src=\"https:\/\/altinho.pe.gov.br\/v1\/wp-content\/uploads\/2020\/07\/BANNER-SITE-CORONAVIRUS-750x212.png\" alt=\"\" class=\"wp-image-16925\" srcset=\"https:\/\/altinho.pe.gov.br\/v1\/wp-content\/uploads\/2020\/07\/BANNER-SITE-CORONAVIRUS-750x212.png 750w, https:\/\/altinho.pe.gov.br\/v1\/wp-content\/uploads\/2020\/07\/BANNER-SITE-CORONAVIRUS-300x85.png 300w, https:\/\/altinho.pe.gov.br\/v1\/wp-content\/uploads\/2020\/07\/BANNER-SITE-CORONAVIRUS-150x42.png 150w, https:\/\/altinho.pe.gov.br\/v1\/wp-content\/uploads\/2020\/07\/BANNER-SITE-CORONAVIRUS-768x217.png 768w, https:\/\/altinho.pe.gov.br\/v1\/wp-content\/uploads\/2020\/07\/BANNER-SITE-CORONAVIRUS.png 1240w\" sizes=\"auto, (max-width: 750px) 100vw, 750px\" \/><\/a><\/figure>\n\n\n\n<p style=\"text-align: center;\"><img loading=\"lazy\" decoding=\"async\" class=\"img-responsive alignnone wp-image-8490\" src=\"https:\/\/altinho.pe.gov.br\/v1\/wp-content\/uploads\/2018\/02\/nova-ascom-logo-png-750x455.png\" alt=\"\" width=\"145\" height=\"88\" srcset=\"https:\/\/altinho.pe.gov.br\/v1\/wp-content\/uploads\/2018\/02\/nova-ascom-logo-png-750x455.png 750w, https:\/\/altinho.pe.gov.br\/v1\/wp-content\/uploads\/2018\/02\/nova-ascom-logo-png-150x91.png 150w, https:\/\/altinho.pe.gov.br\/v1\/wp-content\/uploads\/2018\/02\/nova-ascom-logo-png-300x182.png 300w, https:\/\/altinho.pe.gov.br\/v1\/wp-content\/uploads\/2018\/02\/nova-ascom-logo-png-768x465.png 768w, https:\/\/altinho.pe.gov.br\/v1\/wp-content\/uploads\/2018\/02\/nova-ascom-logo-png-415x250.png 415w, https:\/\/altinho.pe.gov.br\/v1\/wp-content\/uploads\/2018\/02\/nova-ascom-logo-png.png 2036w\" sizes=\"auto, (max-width: 145px) 100vw, 145px\" \/><\/p>\n\n<pre><span style=\"color: #808080;\"><strong>GOVERNO MUNICIPAL\nPrefeitura do Altinho \u2013 CONSTRUINDO UMA NOVA HIST\u00d3RIA\n(REPORTAGEM E FOTOGRAFIA: ASCOM \u2013 Assessoria de Comunica\u00e7\u00e3o e Jornalismo) \u00a92020<\/strong><\/span><\/pre>\n","protected":false},"excerpt":{"rendered":"<p>Em atendimento a LEI N\u00ba 13.979, DE 6 DE FEVEREIRO DE 2020, que disp\u00f5e sobre as medidas para enfrentamento da emerg\u00eancia de sa\u00fade p\u00fablica de import\u00e2ncia internacional decorrente do novo Coronav\u00edrus. GOVERNO <a class=\"leiamais\" href=\"https:\/\/altinho.pe.gov.br\/v1\/acoes-do-governo-municipal-do-altinho-no-combate-ao-covid-19\/\">LEIA MAIS <i class=\"fa fa-angle-double-right\" aria-hidden=\"true\"><\/i><br \/>\n<\/a><\/p>\n","protected":false},"author":2,"featured_media":0,"parent":0,"menu_order":0,"comment_status":"closed","ping_status":"closed","template":"","meta":{"footnotes":""},"class_list":["post-16910","page","type-page","status-publish","hentry","active"],"_links":{"self":[{"href":"https:\/\/altinho.pe.gov.br\/v1\/wp-json\/wp\/v2\/pages\/16910","targetHints":{"allow":["GET"]}}],"collection":[{"href":"https:\/\/altinho.pe.gov.br\/v1\/wp-json\/wp\/v2\/pages"}],"about":[{"href":"https:\/\/altinho.pe.gov.br\/v1\/wp-json\/wp\/v2\/types\/page"}],"author":[{"embeddable":true,"href":"https:\/\/altinho.pe.gov.br\/v1\/wp-json\/wp\/v2\/users\/2"}],"replies":[{"embeddable":true,"href":"https:\/\/altinho.pe.gov.br\/v1\/wp-json\/wp\/v2\/comments?post=16910"}],"version-history":[{"count":23,"href":"https:\/\/altinho.pe.gov.br\/v1\/wp-json\/wp\/v2\/pages\/16910\/revisions"}],"predecessor-version":[{"id":16943,"href":"https:\/\/altinho.pe.gov.br\/v1\/wp-json\/wp\/v2\/pages\/16910\/revisions\/16943"}],"wp:attachment":[{"href":"https:\/\/altinho.pe.gov.br\/v1\/wp-json\/wp\/v2\/media?parent=16910"}],"curies":[{"name":"wp","href":"https:\/\/api.w.org\/{rel}","templated":true}]}}